{"id":386,"date":"2015-11-04T09:26:52","date_gmt":"2015-11-04T09:26:52","guid":{"rendered":"http:\/\/tommustester.wpengine.com\/?page_id=386"},"modified":"2024-12-03T12:07:34","modified_gmt":"2024-12-03T12:07:34","slug":"son-calismalarim","status":"publish","type":"page","link":"https:\/\/www.sezertez.com\/en\/son-calismalarim\/","title":{"rendered":"My Latest Works"},"content":{"rendered":"<div class=\"vc_row wpb_row vc_row-fluid dark-wrapper\"><div class=\"container\"><div class=\"row\"><div class=\"wpb_column vc_column_container col-md-12\"><div class=\"vc_column-inner\"><div class=\"wpb_wrapper\">\n\t<div class=\"wpb_text_column wpb_content_element\" >\n\t\t<div class=\"wpb_wrapper\">\n\t\t\t<h3 class=\"section-title text-center\" style=\"text-align: center;\">My Latest Works<\/h3>\n\n\t\t<\/div>\n\t<\/div>\n<div class=\"divide20\"><\/div>\n\n<div class=\"cbp-panel\">\n\n\t\t<div id=\"js-filters-mosaic\" class=\"cbp-filter-container text-center\">\n\t\t<div data-filter=\"*\" class=\"cbp-filter-item-active cbp-filter-item\"> All <\/div>\n\t\t<div data-filter=\".dugun\" class=\"cbp-filter-item\"> Wedding <\/div> <div data-filter=\".mimari\" class=\"cbp-filter-item\"> Architectural <\/div> <div data-filter=\".moda\" class=\"cbp-filter-item\"> Fashion <\/div> <div data-filter=\".nisan\" class=\"cbp-filter-item\"> Engagement <\/div> <div data-filter=\".portre\" class=\"cbp-filter-item\"> Portrait <\/div> <div data-filter=\".urun\" class=\"cbp-filter-item\"> Product <\/div> <div data-filter=\".yiyecek\" class=\"cbp-filter-item\"> Food <\/div> \t<\/div>\n\t\t\n\t<div id=\"js-grid-mosaic\" class=\"cbp ebor-load-more\">\n\t\t\n<div class=\"cbp-item mimari\"> \n\n\t<a class=\"cbp-caption fancybox-media\" href=\"https:\/\/www.sezertez.com\/wp-content\/uploads\/2024\/04\/SZR05897.jpg\" data-rel=\"portfolio\" data-title-id=\"title-3135\">\n\t\n\t\t<div class=\"cbp-caption-defaultWrap\"> \n\t\t\t<img  title=\"moda foto\u011fraf\u00e7\u0131s\u0131, d\u00fc\u011f\u00fcn foto\u011fraf\u00e7\u0131s\u0131, \u00fcr\u00fcn foto\u011fraf\u00e7\u0131s\u0131\" decoding=\"async\" src=\"https:\/\/www.sezertez.com\/wp-content\/uploads\/2024\/04\/SZR05897-280x190.jpg\"  alt=\"SZR05897-280x190 Ni\u015fan\" loading=\"lazy\" \/>\n\t\t<\/div>\n\t\t\n\t\t<div class=\"cbp-caption-activeWrap\">\n\t\t\t<div class=\"cbp-l-caption-alignCenter\">\n\t\t\t\t<div class=\"cbp-l-caption-body\">\n\t\t\t\t\t<div class=\"cbp-l-caption-title\"><span class=\"cbp-plus\"><\/span><\/div>\n\t\t\t\t<\/div>\n\t\t\t<\/div>\n\t\t<\/div>\n\t\t\n\t<\/a> \n\t\n\t<div id=\"title-3135\" class=\"hidden\">\n\t\t<h3>Mazal P\u0131rlanta<\/h3>\t<\/div>\n\t\n<\/div>\n<div class=\"cbp-item mimari\"> \n\n\t<a class=\"cbp-caption fancybox-media\" href=\"https:\/\/www.sezertez.com\/wp-content\/uploads\/2024\/04\/DJI_00202.jpg\" data-rel=\"portfolio\" data-title-id=\"title-3107\">\n\t\n\t\t<div class=\"cbp-caption-defaultWrap\"> \n\t\t\t<img  title=\"moda foto\u011fraf\u00e7\u0131s\u0131, d\u00fc\u011f\u00fcn foto\u011fraf\u00e7\u0131s\u0131, \u00fcr\u00fcn foto\u011fraf\u00e7\u0131s\u0131\" decoding=\"async\" src=\"https:\/\/www.sezertez.com\/wp-content\/uploads\/2024\/04\/DJI_00202-280x190.jpg\"  alt=\"DJI_00202-280x190 Ni\u015fan\" loading=\"lazy\" \/>\n\t\t<\/div>\n\t\t\n\t\t<div class=\"cbp-caption-activeWrap\">\n\t\t\t<div class=\"cbp-l-caption-alignCenter\">\n\t\t\t\t<div class=\"cbp-l-caption-body\">\n\t\t\t\t\t<div class=\"cbp-l-caption-title\"><span class=\"cbp-plus\"><\/span><\/div>\n\t\t\t\t<\/div>\n\t\t\t<\/div>\n\t\t<\/div>\n\t\t\n\t<\/a> \n\t\n\t<div id=\"title-3107\" class=\"hidden\">\n\t\t<h3>Hamza Y\u0131lmaz Kuyumculuk<\/h3>\t<\/div>\n\t\n<\/div>\n<div class=\"cbp-item moda portre\"> \n\n\t<a class=\"cbp-caption fancybox-media\" href=\"https:\/\/www.sezertez.com\/wp-content\/uploads\/2014\/10\/MG_4999-687x1030-1.jpg\" data-rel=\"portfolio\" data-title-id=\"title-503\">\n\t\n\t\t<div class=\"cbp-caption-defaultWrap\"> \n\t\t\t<img  title=\"moda foto\u011fraf\u00e7\u0131s\u0131, d\u00fc\u011f\u00fcn foto\u011fraf\u00e7\u0131s\u0131, \u00fcr\u00fcn foto\u011fraf\u00e7\u0131s\u0131\" decoding=\"async\" src=\"https:\/\/www.sezertez.com\/wp-content\/uploads\/2014\/10\/MG_4999-687x1030-1-280x190.jpg\"  alt=\"MG_4999-687x1030-1-280x190 Ni\u015fan\" loading=\"lazy\" \/>\n\t\t<\/div>\n\t\t\n\t\t<div class=\"cbp-caption-activeWrap\">\n\t\t\t<div class=\"cbp-l-caption-alignCenter\">\n\t\t\t\t<div class=\"cbp-l-caption-body\">\n\t\t\t\t\t<div class=\"cbp-l-caption-title\"><span class=\"cbp-plus\"><\/span><\/div>\n\t\t\t\t<\/div>\n\t\t\t<\/div>\n\t\t<\/div>\n\t\t\n\t<\/a> \n\t\n\t<div id=\"title-503\" class=\"hidden\">\n\t\t<h3>Moda Foto\u011fraf\u0131<\/h3>\t<\/div>\n\t\n<\/div>\n<div class=\"cbp-item urun\"> \n\n\t<a class=\"cbp-caption fancybox-media\" href=\"https:\/\/www.sezertez.com\/wp-content\/uploads\/2014\/10\/E1A8710-1030x687-1.jpg\" data-rel=\"portfolio\" data-title-id=\"title-369\">\n\t\n\t\t<div class=\"cbp-caption-defaultWrap\"> \n\t\t\t<img  title=\"moda foto\u011fraf\u00e7\u0131s\u0131, d\u00fc\u011f\u00fcn foto\u011fraf\u00e7\u0131s\u0131, \u00fcr\u00fcn foto\u011fraf\u00e7\u0131s\u0131\" decoding=\"async\" src=\"https:\/\/www.sezertez.com\/wp-content\/uploads\/2014\/10\/E1A8710-1030x687-1-280x190.jpg\"  alt=\"E1A8710-1030x687-1-280x190 Ni\u015fan\" loading=\"lazy\" \/>\n\t\t<\/div>\n\t\t\n\t\t<div class=\"cbp-caption-activeWrap\">\n\t\t\t<div class=\"cbp-l-caption-alignCenter\">\n\t\t\t\t<div class=\"cbp-l-caption-body\">\n\t\t\t\t\t<div class=\"cbp-l-caption-title\"><span class=\"cbp-plus\"><\/span><\/div>\n\t\t\t\t<\/div>\n\t\t\t<\/div>\n\t\t<\/div>\n\t\t\n\t<\/a> \n\t\n\t<div id=\"title-369\" class=\"hidden\">\n\t\t<h3>\u00dcr\u00fcn Foto\u011fraf\u0131<\/h3>\t<\/div>\n\t\n<\/div>\n<div class=\"cbp-item urun\"> \n\n\t<a class=\"cbp-caption fancybox-media\" href=\"https:\/\/www.sezertez.com\/wp-content\/uploads\/2014\/10\/thumbnail_4E1A3170.jpg\" data-rel=\"portfolio\" data-title-id=\"title-370\">\n\t\n\t\t<div class=\"cbp-caption-defaultWrap\"> \n\t\t\t<img  title=\"moda foto\u011fraf\u00e7\u0131s\u0131, d\u00fc\u011f\u00fcn foto\u011fraf\u00e7\u0131s\u0131, \u00fcr\u00fcn foto\u011fraf\u00e7\u0131s\u0131\" decoding=\"async\" src=\"https:\/\/www.sezertez.com\/wp-content\/uploads\/2014\/10\/thumbnail_4E1A3170-280x190.jpg\"  alt=\"thumbnail_4E1A3170-280x190 Ni\u015fan\" loading=\"lazy\" \/>\n\t\t<\/div>\n\t\t\n\t\t<div class=\"cbp-caption-activeWrap\">\n\t\t\t<div class=\"cbp-l-caption-alignCenter\">\n\t\t\t\t<div class=\"cbp-l-caption-body\">\n\t\t\t\t\t<div class=\"cbp-l-caption-title\"><span class=\"cbp-plus\"><\/span><\/div>\n\t\t\t\t<\/div>\n\t\t\t<\/div>\n\t\t<\/div>\n\t\t\n\t<\/a> \n\t\n\t<div id=\"title-370\" class=\"hidden\">\n\t\t<h3>\u00dcr\u00fcn Foto\u011fraf\u0131<\/h3>\t<\/div>\n\t\n<\/div>\n<div class=\"cbp-item portre\"> \n\n\t<a class=\"cbp-caption fancybox-media\" href=\"https:\/\/www.sezertez.com\/wp-content\/uploads\/2014\/10\/MG_7131-Edit-Edit-Edit-Edit-1.jpg\" data-rel=\"portfolio\" data-title-id=\"title-368\">\n\t\n\t\t<div class=\"cbp-caption-defaultWrap\"> \n\t\t\t<img  title=\"moda foto\u011fraf\u00e7\u0131s\u0131, d\u00fc\u011f\u00fcn foto\u011fraf\u00e7\u0131s\u0131, \u00fcr\u00fcn foto\u011fraf\u00e7\u0131s\u0131\" decoding=\"async\" src=\"https:\/\/www.sezertez.com\/wp-content\/uploads\/2014\/10\/MG_7131-Edit-Edit-Edit-Edit-1-280x190.jpg\"  alt=\"MG_7131-Edit-Edit-Edit-Edit-1-280x190 Ni\u015fan\" loading=\"lazy\" \/>\n\t\t<\/div>\n\t\t\n\t\t<div class=\"cbp-caption-activeWrap\">\n\t\t\t<div class=\"cbp-l-caption-alignCenter\">\n\t\t\t\t<div class=\"cbp-l-caption-body\">\n\t\t\t\t\t<div class=\"cbp-l-caption-title\"><span class=\"cbp-plus\"><\/span><\/div>\n\t\t\t\t<\/div>\n\t\t\t<\/div>\n\t\t<\/div>\n\t\t\n\t<\/a> \n\t\n\t<div id=\"title-368\" class=\"hidden\">\n\t\t<h3>Portrait Photography<\/h3>\t<\/div>\n\t\n<\/div>\n<div class=\"cbp-item dugun nisan\"> \n\n\t<a class=\"cbp-caption fancybox-media\" href=\"https:\/\/www.sezertez.com\/wp-content\/uploads\/2014\/10\/MG_1030.jpg\" data-rel=\"portfolio\" data-title-id=\"title-367\">\n\t\n\t\t<div class=\"cbp-caption-defaultWrap\"> \n\t\t\t<img  title=\"moda foto\u011fraf\u00e7\u0131s\u0131, d\u00fc\u011f\u00fcn foto\u011fraf\u00e7\u0131s\u0131, \u00fcr\u00fcn foto\u011fraf\u00e7\u0131s\u0131\" decoding=\"async\" src=\"https:\/\/www.sezertez.com\/wp-content\/uploads\/2014\/10\/MG_1030-280x190.jpg\"  alt=\"MG_1030-280x190 Ni\u015fan\" loading=\"lazy\" \/>\n\t\t<\/div>\n\t\t\n\t\t<div class=\"cbp-caption-activeWrap\">\n\t\t\t<div class=\"cbp-l-caption-alignCenter\">\n\t\t\t\t<div class=\"cbp-l-caption-body\">\n\t\t\t\t\t<div class=\"cbp-l-caption-title\"><span class=\"cbp-plus\"><\/span><\/div>\n\t\t\t\t<\/div>\n\t\t\t<\/div>\n\t\t<\/div>\n\t\t\n\t<\/a> \n\t\n\t<div id=\"title-367\" class=\"hidden\">\n\t\t<h3>Engagement<\/h3>\t<\/div>\n\t\n<\/div>\n<div class=\"cbp-item urun\"> \n\n\t<a class=\"cbp-caption fancybox-media\" href=\"https:\/\/www.sezertez.com\/wp-content\/uploads\/2014\/10\/MG_0058.jpg\" data-rel=\"portfolio\" data-title-id=\"title-366\">\n\t\n\t\t<div class=\"cbp-caption-defaultWrap\"> \n\t\t\t<img  title=\"moda foto\u011fraf\u00e7\u0131s\u0131, d\u00fc\u011f\u00fcn foto\u011fraf\u00e7\u0131s\u0131, \u00fcr\u00fcn foto\u011fraf\u00e7\u0131s\u0131\" decoding=\"async\" src=\"https:\/\/www.sezertez.com\/wp-content\/uploads\/2014\/10\/MG_0058-280x190.jpg\"  alt=\"MG_0058-280x190 Ni\u015fan\" loading=\"lazy\" \/>\n\t\t<\/div>\n\t\t\n\t\t<div class=\"cbp-caption-activeWrap\">\n\t\t\t<div class=\"cbp-l-caption-alignCenter\">\n\t\t\t\t<div class=\"cbp-l-caption-body\">\n\t\t\t\t\t<div class=\"cbp-l-caption-title\"><span class=\"cbp-plus\"><\/span><\/div>\n\t\t\t\t<\/div>\n\t\t\t<\/div>\n\t\t<\/div>\n\t\t\n\t<\/a> \n\t\n\t<div id=\"title-366\" class=\"hidden\">\n\t\t<h3>Product<\/h3>\t<\/div>\n\t\n<\/div>\n<div class=\"cbp-item dugun\"> \n\n\t<a class=\"cbp-caption fancybox-media\" href=\"https:\/\/www.sezertez.com\/wp-content\/uploads\/2014\/10\/MG_0798.jpg\" data-rel=\"portfolio\" data-title-id=\"title-365\">\n\t\n\t\t<div class=\"cbp-caption-defaultWrap\"> \n\t\t\t<img  title=\"moda foto\u011fraf\u00e7\u0131s\u0131, d\u00fc\u011f\u00fcn foto\u011fraf\u00e7\u0131s\u0131, \u00fcr\u00fcn foto\u011fraf\u00e7\u0131s\u0131\" decoding=\"async\" src=\"https:\/\/www.sezertez.com\/wp-content\/uploads\/2014\/10\/MG_0798-280x190.jpg\"  alt=\"MG_0798-280x190 Ni\u015fan\" loading=\"lazy\" \/>\n\t\t<\/div>\n\t\t\n\t\t<div class=\"cbp-caption-activeWrap\">\n\t\t\t<div class=\"cbp-l-caption-alignCenter\">\n\t\t\t\t<div class=\"cbp-l-caption-body\">\n\t\t\t\t\t<div class=\"cbp-l-caption-title\"><span class=\"cbp-plus\"><\/span><\/div>\n\t\t\t\t<\/div>\n\t\t\t<\/div>\n\t\t<\/div>\n\t\t\n\t<\/a> \n\t\n\t<div id=\"title-365\" class=\"hidden\">\n\t\t<h3>Wedding<\/h3>\t<\/div>\n\t\n<\/div>\n<div class=\"cbp-item yiyecek\"> \n\n\t<a class=\"cbp-caption fancybox-media\" href=\"https:\/\/www.sezertez.com\/wp-content\/uploads\/2014\/10\/MG_7228.jpg\" data-rel=\"portfolio\" data-title-id=\"title-364\">\n\t\n\t\t<div class=\"cbp-caption-defaultWrap\"> \n\t\t\t<img  title=\"moda foto\u011fraf\u00e7\u0131s\u0131, d\u00fc\u011f\u00fcn foto\u011fraf\u00e7\u0131s\u0131, \u00fcr\u00fcn foto\u011fraf\u00e7\u0131s\u0131\" decoding=\"async\" src=\"https:\/\/www.sezertez.com\/wp-content\/uploads\/2014\/10\/MG_7228-280x190.jpg\"  alt=\"MG_7228-280x190 Ni\u015fan\" loading=\"lazy\" \/>\n\t\t<\/div>\n\t\t\n\t\t<div class=\"cbp-caption-activeWrap\">\n\t\t\t<div class=\"cbp-l-caption-alignCenter\">\n\t\t\t\t<div class=\"cbp-l-caption-body\">\n\t\t\t\t\t<div class=\"cbp-l-caption-title\"><span class=\"cbp-plus\"><\/span><\/div>\n\t\t\t\t<\/div>\n\t\t\t<\/div>\n\t\t<\/div>\n\t\t\n\t<\/a> \n\t\n\t<div id=\"title-364\" class=\"hidden\">\n\t\t<h3>Food<\/h3>\t<\/div>\n\t\n<\/div>\n<div class=\"cbp-item portre\"> \n\n\t<a class=\"cbp-caption fancybox-media\" href=\"https:\/\/www.sezertez.com\/wp-content\/uploads\/2014\/10\/MG_6573-1.jpg\" data-rel=\"portfolio\" data-title-id=\"title-363\">\n\t\n\t\t<div class=\"cbp-caption-defaultWrap\"> \n\t\t\t<img  title=\"moda foto\u011fraf\u00e7\u0131s\u0131, d\u00fc\u011f\u00fcn foto\u011fraf\u00e7\u0131s\u0131, \u00fcr\u00fcn foto\u011fraf\u00e7\u0131s\u0131\" decoding=\"async\" src=\"https:\/\/www.sezertez.com\/wp-content\/uploads\/2014\/10\/MG_6573-1-280x190.jpg\"  alt=\"MG_6573-1-280x190 Ni\u015fan\" loading=\"lazy\" \/>\n\t\t<\/div>\n\t\t\n\t\t<div class=\"cbp-caption-activeWrap\">\n\t\t\t<div class=\"cbp-l-caption-alignCenter\">\n\t\t\t\t<div class=\"cbp-l-caption-body\">\n\t\t\t\t\t<div class=\"cbp-l-caption-title\"><span class=\"cbp-plus\"><\/span><\/div>\n\t\t\t\t<\/div>\n\t\t\t<\/div>\n\t\t<\/div>\n\t\t\n\t<\/a> \n\t\n\t<div id=\"title-363\" class=\"hidden\">\n\t\t<h3>Portrait<\/h3>\t<\/div>\n\t\n<\/div>\n<div class=\"cbp-item moda\"> \n\n\t<a class=\"cbp-caption fancybox-media\" href=\"https:\/\/www.sezertez.com\/wp-content\/uploads\/2014\/10\/MG_6702.jpg\" data-rel=\"portfolio\" data-title-id=\"title-362\">\n\t\n\t\t<div class=\"cbp-caption-defaultWrap\"> \n\t\t\t<img  title=\"moda foto\u011fraf\u00e7\u0131s\u0131, d\u00fc\u011f\u00fcn foto\u011fraf\u00e7\u0131s\u0131, \u00fcr\u00fcn foto\u011fraf\u00e7\u0131s\u0131\" decoding=\"async\" src=\"https:\/\/www.sezertez.com\/wp-content\/uploads\/2014\/10\/MG_6702-280x190.jpg\"  alt=\"MG_6702-280x190 Ni\u015fan\" loading=\"lazy\" \/>\n\t\t<\/div>\n\t\t\n\t\t<div class=\"cbp-caption-activeWrap\">\n\t\t\t<div class=\"cbp-l-caption-alignCenter\">\n\t\t\t\t<div class=\"cbp-l-caption-body\">\n\t\t\t\t\t<div class=\"cbp-l-caption-title\"><span class=\"cbp-plus\"><\/span><\/div>\n\t\t\t\t<\/div>\n\t\t\t<\/div>\n\t\t<\/div>\n\t\t\n\t<\/a> \n\t\n\t<div id=\"title-362\" class=\"hidden\">\n\t\t<h3>Fashion<\/h3>\t<\/div>\n\t\n<\/div>\n<div class=\"cbp-item nisan\"> \n\n\t<a class=\"cbp-caption fancybox-media\" href=\"https:\/\/www.sezertez.com\/wp-content\/uploads\/2014\/10\/MG_4734.jpg\" data-rel=\"portfolio\" data-title-id=\"title-361\">\n\t\n\t\t<div class=\"cbp-caption-defaultWrap\"> \n\t\t\t<img  title=\"moda foto\u011fraf\u00e7\u0131s\u0131, d\u00fc\u011f\u00fcn foto\u011fraf\u00e7\u0131s\u0131, \u00fcr\u00fcn foto\u011fraf\u00e7\u0131s\u0131\" decoding=\"async\" src=\"https:\/\/www.sezertez.com\/wp-content\/uploads\/2014\/10\/MG_4734-280x190.jpg\"  alt=\"MG_4734-280x190 Ni\u015fan\" loading=\"lazy\" \/>\n\t\t<\/div>\n\t\t\n\t\t<div class=\"cbp-caption-activeWrap\">\n\t\t\t<div class=\"cbp-l-caption-alignCenter\">\n\t\t\t\t<div class=\"cbp-l-caption-body\">\n\t\t\t\t\t<div class=\"cbp-l-caption-title\"><span class=\"cbp-plus\"><\/span><\/div>\n\t\t\t\t<\/div>\n\t\t\t<\/div>\n\t\t<\/div>\n\t\t\n\t<\/a> \n\t\n\t<div id=\"title-361\" class=\"hidden\">\n\t\t<h3>Engagement<\/h3>\t<\/div>\n\t\n<\/div>\t<\/div>\n\n<\/div>\n\n<div class=\"divide30\"><\/div>\n\n<div id=\"js-grid-mosaic-more\" class=\"cbp-l-loadMore-text\"><a href='https:\/\/www.sezertez.com\/en\/wp-json\/wp\/v2\/pages\/386\/page\/2' class='cbp-l-loadMore-link btn' data-loading-text='LOADING...'><span class='cbp-l-loadMore-defaultText'>LOAD MORE<\/span><\/a><\/div><\/div><\/div><\/div><\/div><\/div><\/div>","protected":false},"excerpt":{"rendered":"Engagement","protected":false},"author":1,"featured_media":0,"parent":0,"menu_order":0,"comment_status":"closed","ping_status":"closed","template":"","meta":{"footnotes":""},"class_list":["post-386","page","type-page","status-publish","hentry"],"yoast_head":"<!-- This site is optimized with the Yoast SEO Premium plugin v18.2.1 (Yoast SEO v27.3) - https:\/\/yoast.com\/product\/yoast-seo-premium-wordpress\/ -->\n<title>Son \u00c7al\u0131\u015fmalar\u0131m - Sezer Tez | \u0130stanbul Profesyonel Foto\u011fraf ve Video \u00c7ekimiSezer Tez | \u0130stanbul Profesyonel Foto\u011fraf ve Video \u00c7ekimi<\/title>\n<meta name=\"description\" content=\"Son \u00c7al\u0131\u015fmalar\u0131m\" \/>\n<meta name=\"robots\" content=\"index, follow, max-snippet:-1, max-image-preview:large, max-video-preview:-1\" \/>\n<link rel=\"canonical\" href=\"https:\/\/www.sezertez.com\/en\/son-calismalarim\/\" \/>\n<meta property=\"og:locale\" content=\"en_US\" \/>\n<meta property=\"og:type\" content=\"article\" \/>\n<meta property=\"og:title\" content=\"Son \u00c7al\u0131\u015fmalar\u0131m\" \/>\n<meta property=\"og:description\" content=\"Son \u00c7al\u0131\u015fmalar\u0131m\" \/>\n<meta property=\"og:url\" content=\"https:\/\/www.sezertez.com\/en\/son-calismalarim\/\" \/>\n<meta property=\"og:site_name\" content=\"Sezer Tez | \u0130stanbul Profesyonel Foto\u011fraf ve Video \u00c7ekimiSezer Tez | \u0130stanbul Profesyonel Foto\u011fraf ve Video \u00c7ekimi\" \/>\n<meta property=\"article:modified_time\" content=\"2024-12-03T12:07:34+00:00\" \/>\n<meta property=\"og:image\" content=\"https:\/\/www.sezertez.com\/wp-content\/uploads\/2026\/03\/logo.jpeg\" \/>\n\t<meta property=\"og:image:width\" content=\"832\" \/>\n\t<meta property=\"og:image:height\" content=\"476\" \/>\n\t<meta property=\"og:image:type\" content=\"image\/jpeg\" \/>\n<meta name=\"twitter:card\" content=\"summary_large_image\" \/>\n<meta name=\"twitter:label1\" content=\"Est. reading time\" \/>\n\t<meta name=\"twitter:data1\" content=\"1 minute\" \/>\n<script type=\"application\/ld+json\" class=\"yoast-schema-graph\">{\"@context\":\"https:\\\/\\\/schema.org\",\"@graph\":[{\"@type\":\"WebPage\",\"@id\":\"https:\\\/\\\/www.sezertez.com\\\/son-calismalarim\\\/\",\"url\":\"https:\\\/\\\/www.sezertez.com\\\/son-calismalarim\\\/\",\"name\":\"Son \u00c7al\u0131\u015fmalar\u0131m - Sezer Tez | \u0130stanbul Profesyonel Foto\u011fraf ve Video \u00c7ekimiSezer Tez | \u0130stanbul Profesyonel Foto\u011fraf ve Video \u00c7ekimi\",\"isPartOf\":{\"@id\":\"https:\\\/\\\/www.sezertez.com\\\/#website\"},\"datePublished\":\"2015-11-04T09:26:52+00:00\",\"dateModified\":\"2024-12-03T12:07:34+00:00\",\"description\":\"Son \u00c7al\u0131\u015fmalar\u0131m\",\"breadcrumb\":{\"@id\":\"https:\\\/\\\/www.sezertez.com\\\/son-calismalarim\\\/#breadcrumb\"},\"inLanguage\":\"en-US\",\"potentialAction\":[{\"@type\":\"ReadAction\",\"target\":[\"https:\\\/\\\/www.sezertez.com\\\/son-calismalarim\\\/\"]}]},{\"@type\":\"BreadcrumbList\",\"@id\":\"https:\\\/\\\/www.sezertez.com\\\/son-calismalarim\\\/#breadcrumb\",\"itemListElement\":[{\"@type\":\"ListItem\",\"position\":1,\"name\":\"Anasayfa\",\"item\":\"https:\\\/\\\/www.sezertez.com\\\/\"},{\"@type\":\"ListItem\",\"position\":2,\"name\":\"Son \u00c7al\u0131\u015fmalar\u0131m\"}]},{\"@type\":\"WebSite\",\"@id\":\"https:\\\/\\\/www.sezertez.com\\\/#website\",\"url\":\"https:\\\/\\\/www.sezertez.com\\\/\",\"name\":\"Sezer Tez Creative Studio\",\"description\":\"Sezer Tez Foto\u011fraf\u00e7\u0131l\u0131k ile \u00fcr\u00fcn \u00e7ekimi, d\u00fc\u011f\u00fcn foto\u011fraf\u0131, moda \u00e7ekimi, tan\u0131t\u0131m filmi ve drone hizmetleri. \u0130stanbul merkezli, 15 y\u0131l deneyim. Hemen teklif al\u0131n.\",\"publisher\":{\"@id\":\"https:\\\/\\\/www.sezertez.com\\\/#organization\"},\"alternateName\":\"Sezer Tez Medya & Prod\u00fcksiyon\",\"potentialAction\":[{\"@type\":\"SearchAction\",\"target\":{\"@type\":\"EntryPoint\",\"urlTemplate\":\"https:\\\/\\\/www.sezertez.com\\\/?s={search_term_string}\"},\"query-input\":{\"@type\":\"PropertyValueSpecification\",\"valueRequired\":true,\"valueName\":\"search_term_string\"}}],\"inLanguage\":\"en-US\"},{\"@type\":\"Organization\",\"@id\":\"https:\\\/\\\/www.sezertez.com\\\/#organization\",\"name\":\"Sezer Tez Creative Studio\",\"alternateName\":\"Sezer Tez Medya & Prod\u00fcksiyon\",\"url\":\"https:\\\/\\\/www.sezertez.com\\\/\",\"logo\":{\"@type\":\"ImageObject\",\"inLanguage\":\"en-US\",\"@id\":\"https:\\\/\\\/www.sezertez.com\\\/#\\\/schema\\\/logo\\\/image\\\/\",\"url\":\"https:\\\/\\\/www.sezertez.com\\\/wp-content\\\/uploads\\\/2026\\\/03\\\/logo.jpeg\",\"contentUrl\":\"https:\\\/\\\/www.sezertez.com\\\/wp-content\\\/uploads\\\/2026\\\/03\\\/logo.jpeg\",\"width\":832,\"height\":476,\"caption\":\"Sezer Tez Creative Studio\"},\"image\":{\"@id\":\"https:\\\/\\\/www.sezertez.com\\\/#\\\/schema\\\/logo\\\/image\\\/\"}}]}<\/script>\n<!-- \/ Yoast SEO Premium plugin. -->","yoast_head_json":{"title":"Son \u00c7al\u0131\u015fmalar\u0131m - Sezer Tez | \u0130stanbul Profesyonel Foto\u011fraf ve Video \u00c7ekimiSezer Tez | \u0130stanbul Profesyonel Foto\u011fraf ve Video \u00c7ekimi","description":"My Latest Works","robots":{"index":"index","follow":"follow","max-snippet":"max-snippet:-1","max-image-preview":"max-image-preview:large","max-video-preview":"max-video-preview:-1"},"canonical":"https:\/\/www.sezertez.com\/en\/son-calismalarim\/","og_locale":"en_US","og_type":"article","og_title":"Son \u00c7al\u0131\u015fmalar\u0131m","og_description":"Son \u00c7al\u0131\u015fmalar\u0131m","og_url":"https:\/\/www.sezertez.com\/en\/son-calismalarim\/","og_site_name":"Sezer Tez | \u0130stanbul Profesyonel Foto\u011fraf ve Video \u00c7ekimiSezer Tez | \u0130stanbul Profesyonel Foto\u011fraf ve Video \u00c7ekimi","article_modified_time":"2024-12-03T12:07:34+00:00","og_image":[{"width":832,"height":476,"url":"https:\/\/www.sezertez.com\/wp-content\/uploads\/2026\/03\/logo.jpeg","type":"image\/jpeg"}],"twitter_card":"summary_large_image","twitter_misc":{"Est. reading time":"1 minute"},"schema":{"@context":"https:\/\/schema.org","@graph":[{"@type":"WebPage","@id":"https:\/\/www.sezertez.com\/son-calismalarim\/","url":"https:\/\/www.sezertez.com\/son-calismalarim\/","name":"Son \u00c7al\u0131\u015fmalar\u0131m - Sezer Tez | \u0130stanbul Profesyonel Foto\u011fraf ve Video \u00c7ekimiSezer Tez | \u0130stanbul Profesyonel Foto\u011fraf ve Video \u00c7ekimi","isPartOf":{"@id":"https:\/\/www.sezertez.com\/#website"},"datePublished":"2015-11-04T09:26:52+00:00","dateModified":"2024-12-03T12:07:34+00:00","description":"My Latest Works","breadcrumb":{"@id":"https:\/\/www.sezertez.com\/son-calismalarim\/#breadcrumb"},"inLanguage":"en-US","potentialAction":[{"@type":"ReadAction","target":["https:\/\/www.sezertez.com\/son-calismalarim\/"]}]},{"@type":"BreadcrumbList","@id":"https:\/\/www.sezertez.com\/son-calismalarim\/#breadcrumb","itemListElement":[{"@type":"ListItem","position":1,"name":"Anasayfa","item":"https:\/\/www.sezertez.com\/"},{"@type":"ListItem","position":2,"name":"Son \u00c7al\u0131\u015fmalar\u0131m"}]},{"@type":"WebSite","@id":"https:\/\/www.sezertez.com\/#website","url":"https:\/\/www.sezertez.com\/","name":"Sezer Tez Creative Studio","description":"Sezer Tez Foto\u011fraf\u00e7\u0131l\u0131k ile \u00fcr\u00fcn \u00e7ekimi, d\u00fc\u011f\u00fcn foto\u011fraf\u0131, moda \u00e7ekimi, tan\u0131t\u0131m filmi ve drone hizmetleri. \u0130stanbul merkezli, 15 y\u0131l deneyim. Hemen teklif al\u0131n.","publisher":{"@id":"https:\/\/www.sezertez.com\/#organization"},"alternateName":"Sezer Tez Medya & Prod\u00fcksiyon","potentialAction":[{"@type":"SearchAction","target":{"@type":"EntryPoint","urlTemplate":"https:\/\/www.sezertez.com\/?s={search_term_string}"},"query-input":{"@type":"PropertyValueSpecification","valueRequired":true,"valueName":"search_term_string"}}],"inLanguage":"en-US"},{"@type":"Organization","@id":"https:\/\/www.sezertez.com\/#organization","name":"Sezer Tez Creative Studio","alternateName":"Sezer Tez Medya & Prod\u00fcksiyon","url":"https:\/\/www.sezertez.com\/","logo":{"@type":"ImageObject","inLanguage":"en-US","@id":"https:\/\/www.sezertez.com\/#\/schema\/logo\/image\/","url":"https:\/\/www.sezertez.com\/wp-content\/uploads\/2026\/03\/logo.jpeg","contentUrl":"https:\/\/www.sezertez.com\/wp-content\/uploads\/2026\/03\/logo.jpeg","width":832,"height":476,"caption":"Sezer Tez Creative Studio"},"image":{"@id":"https:\/\/www.sezertez.com\/#\/schema\/logo\/image\/"}}]}},"_links":{"self":[{"href":"https:\/\/www.sezertez.com\/en\/wp-json\/wp\/v2\/pages\/386","targetHints":{"allow":["GET"]}}],"collection":[{"href":"https:\/\/www.sezertez.com\/en\/wp-json\/wp\/v2\/pages"}],"about":[{"href":"https:\/\/www.sezertez.com\/en\/wp-json\/wp\/v2\/types\/page"}],"author":[{"embeddable":true,"href":"https:\/\/www.sezertez.com\/en\/wp-json\/wp\/v2\/users\/1"}],"replies":[{"embeddable":true,"href":"https:\/\/www.sezertez.com\/en\/wp-json\/wp\/v2\/comments?post=386"}],"version-history":[{"count":0,"href":"https:\/\/www.sezertez.com\/en\/wp-json\/wp\/v2\/pages\/386\/revisions"}],"wp:attachment":[{"href":"https:\/\/www.sezertez.com\/en\/wp-json\/wp\/v2\/media?parent=386"}],"curies":[{"name":"wp","href":"https:\/\/api.w.org\/{rel}","templated":true}]}}