{"id":2271,"date":"2020-05-26T07:40:03","date_gmt":"2020-05-26T07:40:03","guid":{"rendered":"https:\/\/www.sezertez.com\/?page_id=2271"},"modified":"2025-10-29T03:27:16","modified_gmt":"2025-10-29T03:27:16","slug":"reklam-fotografcisi","status":"publish","type":"page","link":"https:\/\/www.sezertez.com\/en\/reklam-fotografcisi\/","title":{"rendered":"ADVERTISING PHOTOGRAPHER"},"content":{"rendered":"<div class=\"vc_row wpb_row vc_row-fluid light-wrapper\"><div class=\"container\"><div class=\"row\"><div class=\"wpb_column vc_column_container col-md-12\"><div class=\"vc_column-inner\"><div class=\"wpb_wrapper\">\n\t<div class=\"wpb_text_column wpb_content_element\" >\n\t\t<div class=\"wpb_wrapper\">\n\t\t\t<h1 class=\"wp-block-heading\">Advertising Photographer<\/h1>\n<p>\u00a0<strong>Sezer Tez<\/strong>\u00a0is changing your target audience's vision.\u00a0<strong>Advertising photo shoot<\/strong>\u00a0It is a more complex and intricate task than all other photo shoots. Everyone on the team must be professional in their work. With 6 years of experience, Sezer Tez creates creatively designed advertising shoots.\u00a0<strong> photographer<\/strong>\u00a0First, they analyze the advertising material and your target audience to determine what kind of shoot is needed and share their ideas with you. This way,\u00a0<strong>advertising photographer<\/strong>\u00a0and our creative team makes the right choice that will directly impact the target audience.<\/p>\n<p><strong>Professional advertising photographer<\/strong>\u00a0Wenn Sie auf der Suche sind, entscheiden Sie sich nicht, bevor Sie sich die Aufnahmen auf unserer Website angesehen haben. Sezer Tez\u00a0<strong>advertising photographers<\/strong>\u00a0My main principle in photo shoots is the realism of the photos taken. Many of our customers who have photos taken for their websites mention that products that do not match the color and texture of the products on the site are returned by customers or result in complaints. Photo shoots with Sezer Tez come into play right here and save the day.<\/p>\n<p>A good\u00a0<strong>advertising photographer<\/strong>, it should also have design knowledge as well as photo quality. One <strong>the photograph<\/strong>\u00a0It's not just a plain square taken against a white background, after all. \u00a0<strong>Photo studio<\/strong>\u00a0We shoot advertising photos in a green box, cut them out, and bring the advertising visuals to life. Our team includes\u00a0<strong>advertising photographer<\/strong>\u00a0and with our graphic design team, you too can have the most beautifully designed advertising photos. With 11 years of industry experience, our agency and advertising photographers are among the leading advertising agencies in the industry due to their high-quality and well-crafted work.<\/p>\n<h2 class=\"wp-block-heading\">Why Advertising Photographer?<\/h2>\n<p>Rest assured that whichever photographer you ask about the photo shoot you want to have done, they will all say they can do it. This includes street photographers too. Sezer Tez believes that photography is more of an art than a trade, and that it takes hard work to get anywhere. A photographer can be both fashion and\u00a0<strong>advertising photographer<\/strong>\u00a0It can't be. He must be missing someone. Moreover, as we mentioned above,\u00a0<strong>reklam foto\u011fraf \u00e7ekimi<\/strong>\u00a0It's not just about the equipment and studio; it also requires good Photoshop skills and design talent. Ultimately, advertising shoots for e-commerce sites are not just simple photos taken against a white background.<\/p>\n<p>Knowing that these are the conditions, Sezer Tez has all advertising, fashion, still life, architectural, and product shoots done by photographers who are professionals in their respective fields. During advertising shoots, if a model is to be used, our fashion photographer accompanies the shoot and directs the model.\u00a0<strong>Advertising photographers<\/strong>\u00a0attracts customers with its staff.<\/p>\n<figure class=\"wp-block-image size-large\"><img  title=\"moda foto\u011fraf\u00e7\u0131s\u0131, d\u00fc\u011f\u00fcn foto\u011fraf\u00e7\u0131s\u0131, \u00fcr\u00fcn foto\u011fraf\u00e7\u0131s\u0131\" fetchpriority=\"high\" decoding=\"async\" width=\"1200\" height=\"800\" class=\"wp-image-2887\" src=\"https:\/\/www.sezertez.com\/wp-content\/uploads\/2021\/06\/E1A2605.jpg\"  alt=\"E1A2605 REKLAM FOTO\u011eRAF\u00c7ISI\"  srcset=\"https:\/\/www.sezertez.com\/wp-content\/uploads\/2021\/06\/E1A2605.jpg 1200w, https:\/\/www.sezertez.com\/wp-content\/uploads\/2021\/06\/E1A2605-300x200.jpg 300w, https:\/\/www.sezertez.com\/wp-content\/uploads\/2021\/06\/E1A2605-1024x683.jpg 1024w, https:\/\/www.sezertez.com\/wp-content\/uploads\/2021\/06\/E1A2605-768x512.jpg 768w\" sizes=\"(max-width: 1200px) 100vw, 1200px\" \/><\/figure>\n<p>\u00a0 \u00a0 \u00a0 \u00a0 \u00a0 \u00a0<img  title=\"moda foto\u011fraf\u00e7\u0131s\u0131, d\u00fc\u011f\u00fcn foto\u011fraf\u00e7\u0131s\u0131, \u00fcr\u00fcn foto\u011fraf\u00e7\u0131s\u0131\" decoding=\"async\" class=\"alignnone wp-image-3331 size-large\" src=\"https:\/\/www.sezertez.com\/wp-content\/uploads\/2025\/10\/il_1140xN.2233065018_nfll-1024x768.webp\"  alt=\"il_1140xN.2233065018_nfll-1024x768 REKLAM FOTO\u011eRAF\u00c7ISI\"  width=\"1024\" height=\"768\" srcset=\"https:\/\/www.sezertez.com\/wp-content\/uploads\/2025\/10\/il_1140xN.2233065018_nfll.webp 924w, https:\/\/www.sezertez.com\/wp-content\/uploads\/2025\/10\/il_1140xN.2233065018_nfll-300x225.webp 300w, https:\/\/www.sezertez.com\/wp-content\/uploads\/2025\/10\/il_1140xN.2233065018_nfll-768x576.webp 768w, https:\/\/www.sezertez.com\/wp-content\/uploads\/2025\/10\/il_1140xN.2233065018_nfll-16x12.webp 16w\" sizes=\"(max-width: 1024px) 100vw, 1024px\" loading=\"lazy\" \/><\/p>\n\n\t\t<\/div>\n\t<\/div>\n<\/div><\/div><\/div><\/div><\/div><\/div>","protected":false},"excerpt":{"rendered":"Reklam Foto\u011fraf\u00e7\u0131s\u0131 \u00a0Sezer Tez\u00a0ile hedef kitlenizin vizyonunu de\u011fi\u015ftiriyor.\u00a0Reklam foto\u011fraf \u00e7ekimi\u00a0di\u011fer b\u00fct\u00fcn foto\u011fraf \u00e7ekimlerinden daha karma\u015f\u0131k...","protected":false},"author":1,"featured_media":0,"parent":0,"menu_order":0,"comment_status":"closed","ping_status":"closed","template":"","meta":{"footnotes":""},"class_list":["post-2271","page","type-page","status-publish","hentry"],"yoast_head":"<!-- This site is optimized with the Yoast SEO Premium plugin v18.2.1 (Yoast SEO v27.3) - https:\/\/yoast.com\/product\/yoast-seo-premium-wordpress\/ -->\n<title>REKLAM FOTO\u011eRAF\u00c7ISI - Sezer Tez | \u0130stanbul Profesyonel Foto\u011fraf ve Video \u00c7ekimiSezer Tez | \u0130stanbul Profesyonel Foto\u011fraf ve Video \u00c7ekimi<\/title>\n<meta name=\"description\" content=\"Reklam foto\u011fraf\u00e7\u0131s\u0131\u00a0Sezer Tez\u00a0ile hedef kitlenizin vizyonunu de\u011fi\u015ftiriyor.\u00a0Reklam foto\u011fraf \u00e7ekimi\u00a0di\u011fer b\u00fct\u00fcn foto\u011fraf \u00e7ekimlerinden daha ka\" \/>\n<meta name=\"robots\" content=\"index, follow, max-snippet:-1, max-image-preview:large, max-video-preview:-1\" \/>\n<link rel=\"canonical\" href=\"https:\/\/www.sezertez.com\/en\/reklam-fotografcisi\/\" \/>\n<meta property=\"og:locale\" content=\"en_US\" \/>\n<meta property=\"og:type\" content=\"article\" \/>\n<meta property=\"og:title\" content=\"REKLAM FOTO\u011eRAF\u00c7ISI\" \/>\n<meta property=\"og:description\" content=\"Reklam foto\u011fraf\u00e7\u0131s\u0131\u00a0Sezer Tez\u00a0ile hedef kitlenizin vizyonunu de\u011fi\u015ftiriyor.\u00a0Reklam foto\u011fraf \u00e7ekimi\u00a0di\u011fer b\u00fct\u00fcn foto\u011fraf \u00e7ekimlerinden daha ka\" \/>\n<meta property=\"og:url\" content=\"https:\/\/www.sezertez.com\/en\/reklam-fotografcisi\/\" \/>\n<meta property=\"og:site_name\" content=\"Sezer Tez | \u0130stanbul Profesyonel Foto\u011fraf ve Video \u00c7ekimiSezer Tez | \u0130stanbul Profesyonel Foto\u011fraf ve Video \u00c7ekimi\" \/>\n<meta property=\"article:modified_time\" content=\"2025-10-29T03:27:16+00:00\" \/>\n<meta property=\"og:image\" content=\"https:\/\/www.sezertez.com\/wp-content\/uploads\/2021\/06\/E1A2605.jpg\" \/>\n\t<meta property=\"og:image:width\" content=\"1200\" \/>\n\t<meta property=\"og:image:height\" content=\"800\" \/>\n\t<meta property=\"og:image:type\" content=\"image\/jpeg\" \/>\n<meta name=\"twitter:card\" content=\"summary_large_image\" \/>\n<meta name=\"twitter:label1\" content=\"Est. reading time\" \/>\n\t<meta name=\"twitter:data1\" content=\"2 minutes\" \/>\n<script type=\"application\/ld+json\" class=\"yoast-schema-graph\">{\"@context\":\"https:\\\/\\\/schema.org\",\"@graph\":[{\"@type\":\"WebPage\",\"@id\":\"https:\\\/\\\/www.sezertez.com\\\/reklam-fotografcisi\\\/\",\"url\":\"https:\\\/\\\/www.sezertez.com\\\/reklam-fotografcisi\\\/\",\"name\":\"REKLAM FOTO\u011eRAF\u00c7ISI - Sezer Tez | \u0130stanbul Profesyonel Foto\u011fraf ve Video \u00c7ekimiSezer Tez | \u0130stanbul Profesyonel Foto\u011fraf ve Video \u00c7ekimi\",\"isPartOf\":{\"@id\":\"https:\\\/\\\/www.sezertez.com\\\/#website\"},\"primaryImageOfPage\":{\"@id\":\"https:\\\/\\\/www.sezertez.com\\\/reklam-fotografcisi\\\/#primaryimage\"},\"image\":{\"@id\":\"https:\\\/\\\/www.sezertez.com\\\/reklam-fotografcisi\\\/#primaryimage\"},\"thumbnailUrl\":\"https:\\\/\\\/www.sezertez.com\\\/wp-content\\\/uploads\\\/2021\\\/06\\\/E1A2605.jpg\",\"datePublished\":\"2020-05-26T07:40:03+00:00\",\"dateModified\":\"2025-10-29T03:27:16+00:00\",\"description\":\"Reklam foto\u011fraf\u00e7\u0131s\u0131\u00a0Sezer Tez\u00a0ile hedef kitlenizin vizyonunu de\u011fi\u015ftiriyor.\u00a0Reklam foto\u011fraf \u00e7ekimi\u00a0di\u011fer b\u00fct\u00fcn foto\u011fraf \u00e7ekimlerinden daha ka\",\"breadcrumb\":{\"@id\":\"https:\\\/\\\/www.sezertez.com\\\/reklam-fotografcisi\\\/#breadcrumb\"},\"inLanguage\":\"en-US\",\"potentialAction\":[{\"@type\":\"ReadAction\",\"target\":[\"https:\\\/\\\/www.sezertez.com\\\/reklam-fotografcisi\\\/\"]}]},{\"@type\":\"ImageObject\",\"inLanguage\":\"en-US\",\"@id\":\"https:\\\/\\\/www.sezertez.com\\\/reklam-fotografcisi\\\/#primaryimage\",\"url\":\"https:\\\/\\\/www.sezertez.com\\\/wp-content\\\/uploads\\\/2021\\\/06\\\/E1A2605.jpg\",\"contentUrl\":\"https:\\\/\\\/www.sezertez.com\\\/wp-content\\\/uploads\\\/2021\\\/06\\\/E1A2605.jpg\"},{\"@type\":\"BreadcrumbList\",\"@id\":\"https:\\\/\\\/www.sezertez.com\\\/reklam-fotografcisi\\\/#breadcrumb\",\"itemListElement\":[{\"@type\":\"ListItem\",\"position\":1,\"name\":\"Anasayfa\",\"item\":\"https:\\\/\\\/www.sezertez.com\\\/\"},{\"@type\":\"ListItem\",\"position\":2,\"name\":\"REKLAM FOTO\u011eRAF\u00c7ISI\"}]},{\"@type\":\"WebSite\",\"@id\":\"https:\\\/\\\/www.sezertez.com\\\/#website\",\"url\":\"https:\\\/\\\/www.sezertez.com\\\/\",\"name\":\"Sezer Tez Creative Studio\",\"description\":\"Sezer Tez Foto\u011fraf\u00e7\u0131l\u0131k ile \u00fcr\u00fcn \u00e7ekimi, d\u00fc\u011f\u00fcn foto\u011fraf\u0131, moda \u00e7ekimi, tan\u0131t\u0131m filmi ve drone hizmetleri. \u0130stanbul merkezli, 15 y\u0131l deneyim. Hemen teklif al\u0131n.\",\"publisher\":{\"@id\":\"https:\\\/\\\/www.sezertez.com\\\/#organization\"},\"alternateName\":\"Sezer Tez Medya & Prod\u00fcksiyon\",\"potentialAction\":[{\"@type\":\"SearchAction\",\"target\":{\"@type\":\"EntryPoint\",\"urlTemplate\":\"https:\\\/\\\/www.sezertez.com\\\/?s={search_term_string}\"},\"query-input\":{\"@type\":\"PropertyValueSpecification\",\"valueRequired\":true,\"valueName\":\"search_term_string\"}}],\"inLanguage\":\"en-US\"},{\"@type\":\"Organization\",\"@id\":\"https:\\\/\\\/www.sezertez.com\\\/#organization\",\"name\":\"Sezer Tez Creative Studio\",\"alternateName\":\"Sezer Tez Medya & Prod\u00fcksiyon\",\"url\":\"https:\\\/\\\/www.sezertez.com\\\/\",\"logo\":{\"@type\":\"ImageObject\",\"inLanguage\":\"en-US\",\"@id\":\"https:\\\/\\\/www.sezertez.com\\\/#\\\/schema\\\/logo\\\/image\\\/\",\"url\":\"https:\\\/\\\/www.sezertez.com\\\/wp-content\\\/uploads\\\/2026\\\/03\\\/logo.jpeg\",\"contentUrl\":\"https:\\\/\\\/www.sezertez.com\\\/wp-content\\\/uploads\\\/2026\\\/03\\\/logo.jpeg\",\"width\":832,\"height\":476,\"caption\":\"Sezer Tez Creative Studio\"},\"image\":{\"@id\":\"https:\\\/\\\/www.sezertez.com\\\/#\\\/schema\\\/logo\\\/image\\\/\"}}]}<\/script>\n<!-- \/ Yoast SEO Premium plugin. -->","yoast_head_json":{"title":"REKLAM FOTO\u011eRAF\u00c7ISI - Sezer Tez | \u0130stanbul Profesyonel Foto\u011fraf ve Video \u00c7ekimiSezer Tez | \u0130stanbul Profesyonel Foto\u011fraf ve Video \u00c7ekimi","description":"Reklam foto\u011fraf\u00e7\u0131s\u0131\u00a0Sezer Tez\u00a0ile hedef kitlenizin vizyonunu de\u011fi\u015ftiriyor.\u00a0Reklam foto\u011fraf \u00e7ekimi\u00a0di\u011fer b\u00fct\u00fcn foto\u011fraf \u00e7ekimlerinden daha ka","robots":{"index":"index","follow":"follow","max-snippet":"max-snippet:-1","max-image-preview":"max-image-preview:large","max-video-preview":"max-video-preview:-1"},"canonical":"https:\/\/www.sezertez.com\/en\/reklam-fotografcisi\/","og_locale":"en_US","og_type":"article","og_title":"REKLAM FOTO\u011eRAF\u00c7ISI","og_description":"Reklam foto\u011fraf\u00e7\u0131s\u0131\u00a0Sezer Tez\u00a0ile hedef kitlenizin vizyonunu de\u011fi\u015ftiriyor.\u00a0Reklam foto\u011fraf \u00e7ekimi\u00a0di\u011fer b\u00fct\u00fcn foto\u011fraf \u00e7ekimlerinden daha ka","og_url":"https:\/\/www.sezertez.com\/en\/reklam-fotografcisi\/","og_site_name":"Sezer Tez | \u0130stanbul Profesyonel Foto\u011fraf ve Video \u00c7ekimiSezer Tez | \u0130stanbul Profesyonel Foto\u011fraf ve Video \u00c7ekimi","article_modified_time":"2025-10-29T03:27:16+00:00","og_image":[{"width":1200,"height":800,"url":"https:\/\/www.sezertez.com\/wp-content\/uploads\/2021\/06\/E1A2605.jpg","type":"image\/jpeg"}],"twitter_card":"summary_large_image","twitter_misc":{"Est. reading time":"2 minutes"},"schema":{"@context":"https:\/\/schema.org","@graph":[{"@type":"WebPage","@id":"https:\/\/www.sezertez.com\/reklam-fotografcisi\/","url":"https:\/\/www.sezertez.com\/reklam-fotografcisi\/","name":"REKLAM FOTO\u011eRAF\u00c7ISI - Sezer Tez | \u0130stanbul Profesyonel Foto\u011fraf ve Video \u00c7ekimiSezer Tez | \u0130stanbul Profesyonel Foto\u011fraf ve Video \u00c7ekimi","isPartOf":{"@id":"https:\/\/www.sezertez.com\/#website"},"primaryImageOfPage":{"@id":"https:\/\/www.sezertez.com\/reklam-fotografcisi\/#primaryimage"},"image":{"@id":"https:\/\/www.sezertez.com\/reklam-fotografcisi\/#primaryimage"},"thumbnailUrl":"https:\/\/www.sezertez.com\/wp-content\/uploads\/2021\/06\/E1A2605.jpg","datePublished":"2020-05-26T07:40:03+00:00","dateModified":"2025-10-29T03:27:16+00:00","description":"Reklam foto\u011fraf\u00e7\u0131s\u0131\u00a0Sezer Tez\u00a0ile hedef kitlenizin vizyonunu de\u011fi\u015ftiriyor.\u00a0Reklam foto\u011fraf \u00e7ekimi\u00a0di\u011fer b\u00fct\u00fcn foto\u011fraf \u00e7ekimlerinden daha ka","breadcrumb":{"@id":"https:\/\/www.sezertez.com\/reklam-fotografcisi\/#breadcrumb"},"inLanguage":"en-US","potentialAction":[{"@type":"ReadAction","target":["https:\/\/www.sezertez.com\/reklam-fotografcisi\/"]}]},{"@type":"ImageObject","inLanguage":"en-US","@id":"https:\/\/www.sezertez.com\/reklam-fotografcisi\/#primaryimage","url":"https:\/\/www.sezertez.com\/wp-content\/uploads\/2021\/06\/E1A2605.jpg","contentUrl":"https:\/\/www.sezertez.com\/wp-content\/uploads\/2021\/06\/E1A2605.jpg"},{"@type":"BreadcrumbList","@id":"https:\/\/www.sezertez.com\/reklam-fotografcisi\/#breadcrumb","itemListElement":[{"@type":"ListItem","position":1,"name":"Anasayfa","item":"https:\/\/www.sezertez.com\/"},{"@type":"ListItem","position":2,"name":"REKLAM FOTO\u011eRAF\u00c7ISI"}]},{"@type":"WebSite","@id":"https:\/\/www.sezertez.com\/#website","url":"https:\/\/www.sezertez.com\/","name":"Sezer Tez Creative Studio","description":"Sezer Tez Foto\u011fraf\u00e7\u0131l\u0131k ile \u00fcr\u00fcn \u00e7ekimi, d\u00fc\u011f\u00fcn foto\u011fraf\u0131, moda \u00e7ekimi, tan\u0131t\u0131m filmi ve drone hizmetleri. \u0130stanbul merkezli, 15 y\u0131l deneyim. Hemen teklif al\u0131n.","publisher":{"@id":"https:\/\/www.sezertez.com\/#organization"},"alternateName":"Sezer Tez Medya & Prod\u00fcksiyon","potentialAction":[{"@type":"SearchAction","target":{"@type":"EntryPoint","urlTemplate":"https:\/\/www.sezertez.com\/?s={search_term_string}"},"query-input":{"@type":"PropertyValueSpecification","valueRequired":true,"valueName":"search_term_string"}}],"inLanguage":"en-US"},{"@type":"Organization","@id":"https:\/\/www.sezertez.com\/#organization","name":"Sezer Tez Creative Studio","alternateName":"Sezer Tez Medya & Prod\u00fcksiyon","url":"https:\/\/www.sezertez.com\/","logo":{"@type":"ImageObject","inLanguage":"en-US","@id":"https:\/\/www.sezertez.com\/#\/schema\/logo\/image\/","url":"https:\/\/www.sezertez.com\/wp-content\/uploads\/2026\/03\/logo.jpeg","contentUrl":"https:\/\/www.sezertez.com\/wp-content\/uploads\/2026\/03\/logo.jpeg","width":832,"height":476,"caption":"Sezer Tez Creative Studio"},"image":{"@id":"https:\/\/www.sezertez.com\/#\/schema\/logo\/image\/"}}]}},"_links":{"self":[{"href":"https:\/\/www.sezertez.com\/en\/wp-json\/wp\/v2\/pages\/2271","targetHints":{"allow":["GET"]}}],"collection":[{"href":"https:\/\/www.sezertez.com\/en\/wp-json\/wp\/v2\/pages"}],"about":[{"href":"https:\/\/www.sezertez.com\/en\/wp-json\/wp\/v2\/types\/page"}],"author":[{"embeddable":true,"href":"https:\/\/www.sezertez.com\/en\/wp-json\/wp\/v2\/users\/1"}],"replies":[{"embeddable":true,"href":"https:\/\/www.sezertez.com\/en\/wp-json\/wp\/v2\/comments?post=2271"}],"version-history":[{"count":0,"href":"https:\/\/www.sezertez.com\/en\/wp-json\/wp\/v2\/pages\/2271\/revisions"}],"wp:attachment":[{"href":"https:\/\/www.sezertez.com\/en\/wp-json\/wp\/v2\/media?parent=2271"}],"curies":[{"name":"wp","href":"https:\/\/api.w.org\/{rel}","templated":true}]}}