{"id":2265,"date":"2020-05-26T07:39:11","date_gmt":"2020-05-26T07:39:11","guid":{"rendered":"https:\/\/www.sezertez.com\/?page_id=2265"},"modified":"2026-04-04T02:38:30","modified_gmt":"2026-04-04T02:38:30","slug":"yiyecek-ve-icecek-cekimleri","status":"publish","type":"page","link":"https:\/\/www.sezertez.com\/en\/yiyecek-ve-icecek-cekimleri\/","title":{"rendered":"FOOD AND BEVERAGE SHOTS"},"content":{"rendered":"<div data-elementor-type=\"wp-page\" data-elementor-id=\"2265\" class=\"elementor elementor-2265\" data-elementor-post-type=\"page\">\n\t\t\t\t<div class=\"elementor-element elementor-element-ac43be1 e-flex e-con-boxed e-con e-parent\" data-id=\"ac43be1\" data-element_type=\"container\" data-e-type=\"container\">\n\t\t\t\t\t<div class=\"e-con-inner\">\n\t\t\t\t\t\t\t<h2 \n\t\tdata-interaction-id=\"c488e8b\" \n\t\tclass=\"e-heading-base\" \n\t\t \n\t\tdata-e-type=\"widget\" data-id=\"c488e8b\"\n\t>\n\t\n\t\t\tYiyecek ve \u0130\u00e7ecek Foto\u011fraf \u00c7ekimi | Profesyonel Yemek Foto\u011fraf\u00e7\u0131s\u0131\n\t\t<\/h2>\n\t\t\t\t\t<\/div>\n\t\t\t\t<\/div>\n\t\t<div class=\"elementor-element elementor-element-64e50937 e-flex e-con-boxed e-con e-parent\" data-id=\"64e50937\" data-element_type=\"container\" data-e-type=\"container\">\n\t\t\t\t\t<div class=\"e-con-inner\">\n\t\t\t\t<div class=\"elementor-element elementor-element-1c225ddd elementor-widget elementor-widget-text-editor\" data-id=\"1c225ddd\" data-element_type=\"widget\" data-e-type=\"widget\" data-widget_type=\"text-editor.default\">\n\t\t\t\t\t\t\t\t\t\n<h1 class=\"wp-block-heading\">FOOD AND BEVERAGE SHOTS<\/h1>\n\n<p>Food and Beverage Photography <strong>Food photography<\/strong>\u00a0It is a type of shoot that every photographer wants to experience because it appeals to both the eye and the stomach. In terms of visual appeal and attractiveness, it is more advantageous than other photography methods.\u00a0<em>food photography<\/em>\u00a0With their wide range of applications, they find their place in everything from menus to websites. Professional\u00a0<strong>food photography\u00a0<\/strong>menus for your restaurants, cafes, and bars\u00a0<strong><a href=\"https:\/\/www.sezertez.com\/en\/\">professional photo shoot<\/a><\/strong>\u00a0and captivatingly reflects it, whetting your customers' appetite.<\/p>\n\n<blockquote class=\"wp-block-quote is-layout-flow wp-block-quote-is-layout-flow\">\n<p>Creative presentations turn into appetizing promotions with photo shoots...<\/p>\n<\/blockquote>\n\n<p>None of us can resist a beautifully set table, a well-presented meal, or a visually appealing dessert. Therefore, the first thing we look at in any restaurant or caf\u00e9 is the photos on the menu. This is exactly where\u00a0<strong>food photography<\/strong>\u00a0comes into play. We are encouraged to buy a dish that we like the look of. At the same time, cookbooks that we come across in any bookstore can impress us with their high-quality photographs. For this reason, food, beverages, and\u00a0<strong>food photography<\/strong>\u00a0The importance of visual appeal is unique in this sector. Our Foto Life team is also professional in this delicious field of photography.<strong>\u00a0food photography<\/strong>\u00a0and contributes to the promotion of your venue by offering filming services.<\/p>\n\n<p>Everyone shoots, we make a difference!<\/p>\n\n<h4 class=\"wp-block-heading\">A New and Different Marketing Tool \u2013 Food Photography<\/h4>\n\n<p><strong>Food photography\u00a0<\/strong>\u00e7ekimleri\u00a0<strong><em>They reflect the company's identity and have features that persuade people to eat or buy products, while also being distinctive, striking, and creative in their field.<\/em><\/strong>\u00a0This way, brands achieve their promotional goals. Companies that increase their promotional revenues and gain customer satisfaction grow and become leaders in their sector. Food and Beverage Shoots<\/p>\n\n<h4 class=\"wp-block-heading\"><strong><br \/>In which sectors are shoots conducted?<\/strong><\/h4>\n\n<p>\u2022 Restaurant,<br \/>\u2022 Caf\u00e9,<br \/>\u2022 Bar,<br \/>\u2022 Pub,<br \/>\u2022 Food magazines,<br \/>\u2022 Menu designs,<br \/>\u2022 Food factories,<br \/>\u2022 Production centers,<br \/>\u2022 Food delivery companies,<br \/>\u2022 Food ordering websites,<br \/>\u2022 E-commerce sites, etc.<\/p>\n\n<h4 class=\"wp-block-heading\"><strong>Where is it used?<\/strong><\/h4>\n\n<p>\u2022 Websites,<br \/>\u2022 Social media tools,<br \/>\u2022 Catalog,<br \/>\u2022 Magazine,<br \/>\u2022 Poster,<br \/>\u2022 Billboard,<br \/>\u2022 Brochures,<br \/>\u2022 Flyers,<br \/>\u2022 Meeting,<br \/>\u2022 Seminar,<br \/>\u2022 Presentations,<br \/>\u2022 Trade shows, etc.<\/p>\n\n<h4 class=\"wp-block-heading\">Why Food Photography? - Convince Your Customers!<\/h4>\n\n<p>A promotional method frequently used by restaurants, cafes, and bars\u00a0<strong>food photography<\/strong>, a persuasive element in getting customers to purchase an item on the menu. Food and beverage brands can also use images of dishes made with their products on packaging and in advertising. It is possible to see dishes made with a famous olive oil or foods prepared with a chicken brand's products on television, in magazines, and in newspapers. This sparks curiosity among potential customers.<\/p>\n\n<p>With the advancement of technology, it has attracted more attention.\u00a0<ins>food photography<\/ins>You can also use it in line with your company's objectives. Your food and beverages will be a success.\u00a0<strong>food photography<\/strong>\u00a0you can showcase your story through compelling footage. Studio and\u00a0<strong><a href=\"https:\/\/www.sezertez.com\/en\/iletisim\/\">a\u00e7\u0131k hava \u00e7ekimleri<\/a><\/strong>\u00a0ile farkl\u0131 atmosfer yarat\u0131rs\u0131n\u0131z.<\/p>\n\n<p>Beverage and\u00a0<em>food photography<\/em>\u00a0It is a type of photography that is enjoyable to shoot and dazzling to present.\u00a0<strong>Food and beverage shooting fees<\/strong>\u00a0In this context, it is determined according to professional criteria. It varies depending on the sector where the shoot will take place, working hours and locations, equipment used, and additional services.\u00a0<strong>food photography<\/strong>\u00a0Shooting prices also vary depending on the size and reputation of the agencies. Additionally,\u00a0<strong>food photography<\/strong>\u00a0the professional competence of the photographer you work with\u00a0<strong>food photography prices<\/strong>\u00a0is a decisive factor.<\/p>\n\n<figure class=\"wp-block-image size-large\"><img  title=\"moda foto\u011fraf\u00e7\u0131s\u0131, d\u00fc\u011f\u00fcn foto\u011fraf\u00e7\u0131s\u0131, \u00fcr\u00fcn foto\u011fraf\u00e7\u0131s\u0131\" fetchpriority=\"high\" decoding=\"async\" width=\"1200\" height=\"800\" class=\"wp-image-2879\" src=\"https:\/\/www.sezertez.com\/wp-content\/uploads\/2021\/06\/MG_7228.jpg\"  alt=\"MG_7228 Y\u0130YECEK VE \u0130\u00c7ECEK \u00c7EK\u0130MLER\u0130\"  srcset=\"https:\/\/www.sezertez.com\/wp-content\/uploads\/2021\/06\/MG_7228.jpg 1200w, https:\/\/www.sezertez.com\/wp-content\/uploads\/2021\/06\/MG_7228-300x200.jpg 300w, https:\/\/www.sezertez.com\/wp-content\/uploads\/2021\/06\/MG_7228-1024x683.jpg 1024w, https:\/\/www.sezertez.com\/wp-content\/uploads\/2021\/06\/MG_7228-768x512.jpg 768w\" sizes=\"(max-width: 1200px) 100vw, 1200px\" \/><\/figure>\n\n<h4 class=\"wp-block-heading\">A\u011fz\u0131n\u0131z\u0131 Suland\u0131racak Yemek Foto\u011fraflar\u0131!<\/h4>\n\n<p>Beverage\u00a0<strong>food photography<\/strong>\u00a0It is one of the most enjoyable types of photography. You can receive visual services in every area, from the beverage you produce to the delicious portion you create after much effort.<\/p>\n\n<p>Either at your own venue or at our private studio\u00a0<strong>food photography<\/strong>\u00a0professional filming services\u00a0<strong>yemek\u00a0<a href=\"https:\/\/www.sezertez.com\/en\/hakkimda\/\">photographer<\/a>s\u0131<\/strong>\u00a0We carry out with our staff.<\/p>\n\n<p>For restaurants, food companies, catering companies, and the food industry\u00a0<ins>food photography<\/ins>\u00a0We take great care in photographing the menus for our services.<\/p>\n\n<p>We don't stop there; we also describe your kitchen and staff in a way that fits your corporate image. We create work that is suitable for newspapers, TV, and the internet.<\/p>\n\n<p>Creative at prices that appeal to everyone\u00a0<strong>food photography<\/strong>\u00a0shootings and\u00a0<strong>food photography<\/strong>\u00a0service!<\/p>\n\t\t\t\t\t\t\t\t<\/div>\n\t\t\t\t\t<\/div>\n\t\t\t\t<\/div>\n\t\t\t\t<\/div>","protected":false},"excerpt":{"rendered":"<p>Yiyecek ve \u0130\u00e7ecek Foto\u011fraf \u00c7ekimi | Profesyonel Yemek Foto\u011fraf\u00e7\u0131s\u0131 Y\u0130YECEK VE \u0130\u00c7ECEK \u00c7EK\u0130MLER\u0130 Yiyecek Ve&#8230;<\/p>","protected":false},"author":1,"featured_media":0,"parent":0,"menu_order":0,"comment_status":"closed","ping_status":"closed","template":"","meta":{"footnotes":""},"class_list":["post-2265","page","type-page","status-publish","hentry"],"yoast_head":"<!-- This site is optimized with the Yoast SEO Premium plugin v18.2.1 (Yoast SEO v27.3) - https:\/\/yoast.com\/product\/yoast-seo-premium-wordpress\/ -->\n<title>Y\u0130YECEK VE \u0130\u00c7ECEK \u00c7EK\u0130MLER\u0130 - Sezer Tez | \u0130stanbul Profesyonel Foto\u011fraf ve Video \u00c7ekimiSezer Tez | \u0130stanbul Profesyonel Foto\u011fraf ve Video \u00c7ekimi<\/title>\n<meta name=\"description\" content=\"Restoran, kafe ve barlar i\u00e7in profesyonel yemek ve i\u00e7ecek foto\u011fraf \u00e7ekimi. Men\u00fc, sosyal medya ve reklam i\u00e7in i\u015ftah a\u00e7an g\u00f6rseller \u00fcretin.\" \/>\n<meta name=\"robots\" content=\"index, follow, max-snippet:-1, max-image-preview:large, max-video-preview:-1\" \/>\n<link rel=\"canonical\" href=\"https:\/\/www.sezertez.com\/en\/yiyecek-ve-icecek-cekimleri\/\" \/>\n<meta property=\"og:locale\" content=\"en_US\" \/>\n<meta property=\"og:type\" content=\"article\" \/>\n<meta property=\"og:title\" content=\"Y\u0130YECEK VE \u0130\u00c7ECEK \u00c7EK\u0130MLER\u0130\" \/>\n<meta property=\"og:description\" content=\"Restoran, kafe ve barlar i\u00e7in profesyonel yemek ve i\u00e7ecek foto\u011fraf \u00e7ekimi. Men\u00fc, sosyal medya ve reklam i\u00e7in i\u015ftah a\u00e7an g\u00f6rseller \u00fcretin.\" \/>\n<meta property=\"og:url\" content=\"https:\/\/www.sezertez.com\/en\/yiyecek-ve-icecek-cekimleri\/\" \/>\n<meta property=\"og:site_name\" content=\"Sezer Tez | \u0130stanbul Profesyonel Foto\u011fraf ve Video \u00c7ekimiSezer Tez | \u0130stanbul Profesyonel Foto\u011fraf ve Video \u00c7ekimi\" \/>\n<meta property=\"article:modified_time\" content=\"2026-04-04T02:38:30+00:00\" \/>\n<meta property=\"og:image\" content=\"https:\/\/www.sezertez.com\/wp-content\/uploads\/2021\/06\/MG_7228.jpg\" \/>\n\t<meta property=\"og:image:width\" content=\"1200\" \/>\n\t<meta property=\"og:image:height\" content=\"800\" \/>\n\t<meta property=\"og:image:type\" content=\"image\/jpeg\" \/>\n<meta name=\"twitter:card\" content=\"summary_large_image\" \/>\n<meta name=\"twitter:label1\" content=\"Est. reading time\" \/>\n\t<meta name=\"twitter:data1\" content=\"4 minutes\" \/>\n<script type=\"application\/ld+json\" class=\"yoast-schema-graph\">{\"@context\":\"https:\\\/\\\/schema.org\",\"@graph\":[{\"@type\":\"WebPage\",\"@id\":\"https:\\\/\\\/www.sezertez.com\\\/yiyecek-ve-icecek-cekimleri\\\/\",\"url\":\"https:\\\/\\\/www.sezertez.com\\\/yiyecek-ve-icecek-cekimleri\\\/\",\"name\":\"Y\u0130YECEK VE \u0130\u00c7ECEK \u00c7EK\u0130MLER\u0130 - Sezer Tez | \u0130stanbul Profesyonel Foto\u011fraf ve Video \u00c7ekimiSezer Tez | \u0130stanbul Profesyonel Foto\u011fraf ve Video \u00c7ekimi\",\"isPartOf\":{\"@id\":\"https:\\\/\\\/www.sezertez.com\\\/#website\"},\"primaryImageOfPage\":{\"@id\":\"https:\\\/\\\/www.sezertez.com\\\/yiyecek-ve-icecek-cekimleri\\\/#primaryimage\"},\"image\":{\"@id\":\"https:\\\/\\\/www.sezertez.com\\\/yiyecek-ve-icecek-cekimleri\\\/#primaryimage\"},\"thumbnailUrl\":\"https:\\\/\\\/www.sezertez.com\\\/wp-content\\\/uploads\\\/2021\\\/06\\\/MG_7228.jpg\",\"datePublished\":\"2020-05-26T07:39:11+00:00\",\"dateModified\":\"2026-04-04T02:38:30+00:00\",\"description\":\"Restoran, kafe ve barlar i\u00e7in profesyonel yemek ve i\u00e7ecek foto\u011fraf \u00e7ekimi. Men\u00fc, sosyal medya ve reklam i\u00e7in i\u015ftah a\u00e7an g\u00f6rseller \u00fcretin.\",\"breadcrumb\":{\"@id\":\"https:\\\/\\\/www.sezertez.com\\\/yiyecek-ve-icecek-cekimleri\\\/#breadcrumb\"},\"inLanguage\":\"en-US\",\"potentialAction\":[{\"@type\":\"ReadAction\",\"target\":[\"https:\\\/\\\/www.sezertez.com\\\/yiyecek-ve-icecek-cekimleri\\\/\"]}]},{\"@type\":\"ImageObject\",\"inLanguage\":\"en-US\",\"@id\":\"https:\\\/\\\/www.sezertez.com\\\/yiyecek-ve-icecek-cekimleri\\\/#primaryimage\",\"url\":\"https:\\\/\\\/www.sezertez.com\\\/wp-content\\\/uploads\\\/2021\\\/06\\\/MG_7228.jpg\",\"contentUrl\":\"https:\\\/\\\/www.sezertez.com\\\/wp-content\\\/uploads\\\/2021\\\/06\\\/MG_7228.jpg\"},{\"@type\":\"BreadcrumbList\",\"@id\":\"https:\\\/\\\/www.sezertez.com\\\/yiyecek-ve-icecek-cekimleri\\\/#breadcrumb\",\"itemListElement\":[{\"@type\":\"ListItem\",\"position\":1,\"name\":\"Anasayfa\",\"item\":\"https:\\\/\\\/www.sezertez.com\\\/\"},{\"@type\":\"ListItem\",\"position\":2,\"name\":\"Y\u0130YECEK VE \u0130\u00c7ECEK \u00c7EK\u0130MLER\u0130\"}]},{\"@type\":\"WebSite\",\"@id\":\"https:\\\/\\\/www.sezertez.com\\\/#website\",\"url\":\"https:\\\/\\\/www.sezertez.com\\\/\",\"name\":\"Sezer Tez Creative Studio\",\"description\":\"Sezer Tez Foto\u011fraf\u00e7\u0131l\u0131k ile \u00fcr\u00fcn \u00e7ekimi, d\u00fc\u011f\u00fcn foto\u011fraf\u0131, moda \u00e7ekimi, tan\u0131t\u0131m filmi ve drone hizmetleri. \u0130stanbul merkezli, 15 y\u0131l deneyim. Hemen teklif al\u0131n.\",\"publisher\":{\"@id\":\"https:\\\/\\\/www.sezertez.com\\\/#organization\"},\"alternateName\":\"Sezer Tez Medya & Prod\u00fcksiyon\",\"potentialAction\":[{\"@type\":\"SearchAction\",\"target\":{\"@type\":\"EntryPoint\",\"urlTemplate\":\"https:\\\/\\\/www.sezertez.com\\\/?s={search_term_string}\"},\"query-input\":{\"@type\":\"PropertyValueSpecification\",\"valueRequired\":true,\"valueName\":\"search_term_string\"}}],\"inLanguage\":\"en-US\"},{\"@type\":\"Organization\",\"@id\":\"https:\\\/\\\/www.sezertez.com\\\/#organization\",\"name\":\"Sezer Tez Creative Studio\",\"alternateName\":\"Sezer Tez Medya & Prod\u00fcksiyon\",\"url\":\"https:\\\/\\\/www.sezertez.com\\\/\",\"logo\":{\"@type\":\"ImageObject\",\"inLanguage\":\"en-US\",\"@id\":\"https:\\\/\\\/www.sezertez.com\\\/#\\\/schema\\\/logo\\\/image\\\/\",\"url\":\"https:\\\/\\\/www.sezertez.com\\\/wp-content\\\/uploads\\\/2026\\\/03\\\/logo.jpeg\",\"contentUrl\":\"https:\\\/\\\/www.sezertez.com\\\/wp-content\\\/uploads\\\/2026\\\/03\\\/logo.jpeg\",\"width\":832,\"height\":476,\"caption\":\"Sezer Tez Creative Studio\"},\"image\":{\"@id\":\"https:\\\/\\\/www.sezertez.com\\\/#\\\/schema\\\/logo\\\/image\\\/\"}}]}<\/script>\n<!-- \/ Yoast SEO Premium plugin. -->","yoast_head_json":{"title":"Y\u0130YECEK VE \u0130\u00c7ECEK \u00c7EK\u0130MLER\u0130 - Sezer Tez | \u0130stanbul Profesyonel Foto\u011fraf ve Video \u00c7ekimiSezer Tez | \u0130stanbul Profesyonel Foto\u011fraf ve Video \u00c7ekimi","description":"Restoran, kafe ve barlar i\u00e7in profesyonel yemek ve i\u00e7ecek foto\u011fraf \u00e7ekimi. Men\u00fc, sosyal medya ve reklam i\u00e7in i\u015ftah a\u00e7an g\u00f6rseller \u00fcretin.","robots":{"index":"index","follow":"follow","max-snippet":"max-snippet:-1","max-image-preview":"max-image-preview:large","max-video-preview":"max-video-preview:-1"},"canonical":"https:\/\/www.sezertez.com\/en\/yiyecek-ve-icecek-cekimleri\/","og_locale":"en_US","og_type":"article","og_title":"Y\u0130YECEK VE \u0130\u00c7ECEK \u00c7EK\u0130MLER\u0130","og_description":"Restoran, kafe ve barlar i\u00e7in profesyonel yemek ve i\u00e7ecek foto\u011fraf \u00e7ekimi. Men\u00fc, sosyal medya ve reklam i\u00e7in i\u015ftah a\u00e7an g\u00f6rseller \u00fcretin.","og_url":"https:\/\/www.sezertez.com\/en\/yiyecek-ve-icecek-cekimleri\/","og_site_name":"Sezer Tez | \u0130stanbul Profesyonel Foto\u011fraf ve Video \u00c7ekimiSezer Tez | \u0130stanbul Profesyonel Foto\u011fraf ve Video \u00c7ekimi","article_modified_time":"2026-04-04T02:38:30+00:00","og_image":[{"width":1200,"height":800,"url":"https:\/\/www.sezertez.com\/wp-content\/uploads\/2021\/06\/MG_7228.jpg","type":"image\/jpeg"}],"twitter_card":"summary_large_image","twitter_misc":{"Est. reading time":"4 minutes"},"schema":{"@context":"https:\/\/schema.org","@graph":[{"@type":"WebPage","@id":"https:\/\/www.sezertez.com\/yiyecek-ve-icecek-cekimleri\/","url":"https:\/\/www.sezertez.com\/yiyecek-ve-icecek-cekimleri\/","name":"Y\u0130YECEK VE \u0130\u00c7ECEK \u00c7EK\u0130MLER\u0130 - Sezer Tez | \u0130stanbul Profesyonel Foto\u011fraf ve Video \u00c7ekimiSezer Tez | \u0130stanbul Profesyonel Foto\u011fraf ve Video \u00c7ekimi","isPartOf":{"@id":"https:\/\/www.sezertez.com\/#website"},"primaryImageOfPage":{"@id":"https:\/\/www.sezertez.com\/yiyecek-ve-icecek-cekimleri\/#primaryimage"},"image":{"@id":"https:\/\/www.sezertez.com\/yiyecek-ve-icecek-cekimleri\/#primaryimage"},"thumbnailUrl":"https:\/\/www.sezertez.com\/wp-content\/uploads\/2021\/06\/MG_7228.jpg","datePublished":"2020-05-26T07:39:11+00:00","dateModified":"2026-04-04T02:38:30+00:00","description":"Restoran, kafe ve barlar i\u00e7in profesyonel yemek ve i\u00e7ecek foto\u011fraf \u00e7ekimi. Men\u00fc, sosyal medya ve reklam i\u00e7in i\u015ftah a\u00e7an g\u00f6rseller \u00fcretin.","breadcrumb":{"@id":"https:\/\/www.sezertez.com\/yiyecek-ve-icecek-cekimleri\/#breadcrumb"},"inLanguage":"en-US","potentialAction":[{"@type":"ReadAction","target":["https:\/\/www.sezertez.com\/yiyecek-ve-icecek-cekimleri\/"]}]},{"@type":"ImageObject","inLanguage":"en-US","@id":"https:\/\/www.sezertez.com\/yiyecek-ve-icecek-cekimleri\/#primaryimage","url":"https:\/\/www.sezertez.com\/wp-content\/uploads\/2021\/06\/MG_7228.jpg","contentUrl":"https:\/\/www.sezertez.com\/wp-content\/uploads\/2021\/06\/MG_7228.jpg"},{"@type":"BreadcrumbList","@id":"https:\/\/www.sezertez.com\/yiyecek-ve-icecek-cekimleri\/#breadcrumb","itemListElement":[{"@type":"ListItem","position":1,"name":"Anasayfa","item":"https:\/\/www.sezertez.com\/"},{"@type":"ListItem","position":2,"name":"Y\u0130YECEK VE \u0130\u00c7ECEK \u00c7EK\u0130MLER\u0130"}]},{"@type":"WebSite","@id":"https:\/\/www.sezertez.com\/#website","url":"https:\/\/www.sezertez.com\/","name":"Sezer Tez Creative Studio","description":"Sezer Tez Foto\u011fraf\u00e7\u0131l\u0131k ile \u00fcr\u00fcn \u00e7ekimi, d\u00fc\u011f\u00fcn foto\u011fraf\u0131, moda \u00e7ekimi, tan\u0131t\u0131m filmi ve drone hizmetleri. \u0130stanbul merkezli, 15 y\u0131l deneyim. Hemen teklif al\u0131n.","publisher":{"@id":"https:\/\/www.sezertez.com\/#organization"},"alternateName":"Sezer Tez Medya & Prod\u00fcksiyon","potentialAction":[{"@type":"SearchAction","target":{"@type":"EntryPoint","urlTemplate":"https:\/\/www.sezertez.com\/?s={search_term_string}"},"query-input":{"@type":"PropertyValueSpecification","valueRequired":true,"valueName":"search_term_string"}}],"inLanguage":"en-US"},{"@type":"Organization","@id":"https:\/\/www.sezertez.com\/#organization","name":"Sezer Tez Creative Studio","alternateName":"Sezer Tez Medya & Prod\u00fcksiyon","url":"https:\/\/www.sezertez.com\/","logo":{"@type":"ImageObject","inLanguage":"en-US","@id":"https:\/\/www.sezertez.com\/#\/schema\/logo\/image\/","url":"https:\/\/www.sezertez.com\/wp-content\/uploads\/2026\/03\/logo.jpeg","contentUrl":"https:\/\/www.sezertez.com\/wp-content\/uploads\/2026\/03\/logo.jpeg","width":832,"height":476,"caption":"Sezer Tez Creative Studio"},"image":{"@id":"https:\/\/www.sezertez.com\/#\/schema\/logo\/image\/"}}]}},"_links":{"self":[{"href":"https:\/\/www.sezertez.com\/en\/wp-json\/wp\/v2\/pages\/2265","targetHints":{"allow":["GET"]}}],"collection":[{"href":"https:\/\/www.sezertez.com\/en\/wp-json\/wp\/v2\/pages"}],"about":[{"href":"https:\/\/www.sezertez.com\/en\/wp-json\/wp\/v2\/types\/page"}],"author":[{"embeddable":true,"href":"https:\/\/www.sezertez.com\/en\/wp-json\/wp\/v2\/users\/1"}],"replies":[{"embeddable":true,"href":"https:\/\/www.sezertez.com\/en\/wp-json\/wp\/v2\/comments?post=2265"}],"version-history":[{"count":4,"href":"https:\/\/www.sezertez.com\/en\/wp-json\/wp\/v2\/pages\/2265\/revisions"}],"predecessor-version":[{"id":3603,"href":"https:\/\/www.sezertez.com\/en\/wp-json\/wp\/v2\/pages\/2265\/revisions\/3603"}],"wp:attachment":[{"href":"https:\/\/www.sezertez.com\/en\/wp-json\/wp\/v2\/media?parent=2265"}],"curies":[{"name":"wp","href":"https:\/\/api.w.org\/{rel}","templated":true}]}}