{"id":2249,"date":"2020-05-26T07:35:58","date_gmt":"2020-05-26T07:35:58","guid":{"rendered":"https:\/\/www.sezertez.com\/?page_id=2249"},"modified":"2024-05-28T01:04:00","modified_gmt":"2024-05-28T01:04:00","slug":"reklam-fotografciligi","status":"publish","type":"page","link":"https:\/\/www.sezertez.com\/en\/reklam-fotografciligi\/","title":{"rendered":"ADVERTISING PHOTOGRAPHY"},"content":{"rendered":"<h1>Advertising Photography<\/h1>\r\n<!-- \/wp:post-content -->\r\n<p><!-- wp:paragraph --><strong> Advertising Photography: Promote Your Brand Professionally.<\/strong><\/p>\r\n<!-- \/wp:paragraph -->\r\n<p><!-- wp:paragraph --><\/p>\r\n<p><strong>Advertising Photography<\/strong>\u00a0<strong>Do\u011fru<\/strong>\u00a0and\u00a0<strong>quality<\/strong>\u00a0meeting with equipment\u00a0<strong>information<\/strong>\u00a0and\u00a0<strong>experience<\/strong>\u00a0A photographer can take a good photograph, but only when their heart and eye are aligned will the shot be a good one.\u00a0<a href=\"https:\/\/www.sezertez.com\/en\/\"><strong>professional<\/strong><\/a>\u00a0It is a photograph.<\/p>\r\n<!-- \/wp:paragraph -->\r\n<p><!-- wp:paragraph --><strong>WHAT IS ADVERTISING PHOTOGRAPHY?<\/strong><br \/><strong>Advertising Photography <\/strong>A carefully considered project, designed by large groups, and implemented within a specific space, with specific lighting systems, involves applying a \"makeup\" to the product in order to present it visually to the consumer audience.<strong>\u00a0ADVERTISING PHOTOGRAPHY<\/strong>\u00a0It is called.<\/p>\r\n<!-- \/wp:paragraph -->\r\n<p><!-- wp:paragraph -->The capitalist mode of production necessitates consumption. For this system to survive, production and the consumption of everything produced are the primary conditions. Furthermore, a continuous increase in consumption is also necessary. Advertising and advertising photographs play a significant role in imposing consumption on the target audience. Advertising photographs are often the result of meticulously planned designs, critically reviewed by large groups, and then implemented.<\/p>\r\n<!-- \/wp:paragraph -->\r\n<p><!-- wp:paragraph -->In many different types of photography\u2014advertising, news, sports, stage, etc.\u2014the difference lies not in how the photograph is created, but in how it is used.<\/p>\r\n<!-- \/wp:paragraph -->\r\n<p><!-- wp:paragraph -->According to Flusser, the \"photographer\" also actively participates in this coding process.<\/p>\r\n<!-- \/wp:paragraph -->\r\n<p><!-- wp:paragraph -->The photographer produces the photograph with a specific distribution channel in mind and codes it in a way that will make it usable within that channel. The aim is for the photograph to appear in visual works such as magazines, newspapers, exhibitions, or promotional brochures. This is done for two reasons: one is that a particular channel will reach a wider audience, and another is that, often, a channel has paid for the production of these photographs.<\/p>\r\n<!-- \/wp:paragraph -->\r\n<p><!-- wp:paragraph -->Barthes agrees with this view. He states that the changing medium of the press also changes the meaning of the photograph.<br \/>Although advertising photographs carry different meanings within them, they are quite clear and possess a beauty that allows people to perceive the intended message at first glance. Since advertising photographs are a promotional tool, they are accompanied by the product's brand or a text or slogan. The main reason for using the product's brand or slogan in the photograph is to prevent the target audience from misinterpreting the advertisement. Advertising photography exists to make a product stand out from other similar products, to make it appealing, and to bring it to the forefront.<\/p>\r\n<!-- \/wp:paragraph -->\r\n<p><!-- wp:paragraph --><strong>Advertising photography<\/strong>\u00a0It has thus been possible to determine the effects on the target audience. Modern people place great importance on visuals. The most important element of advertising is visuals, followed by credibility, comprehensibility, attractiveness, and the ability to evoke positive emotions in the viewer. Advertising photographs have a quality that allows people to be visually satisfied. The presentation style used in advertising photography is employed when the aim is to prove to the viewer that the advertised product has a superior advantage over competing products or services.<br \/>To be prepared for this purpose\u00a0<strong>in advertising photography<\/strong>;<\/p>\r\n<!-- \/wp:paragraph -->\r\n<p><!-- wp:paragraph -->\u2013 The presentation should be intriguing, thought-provoking, and truthful.<br \/>\u2013 The advertising concept should be conveyed through its presentation format.<br \/>\u2013 The advertising promise must be fully and clearly verifiable at the end of the presentation.<br \/>\u2013 The results should be easy to track and understand.<br \/>\u2013 The conclusion should not leave the audience in doubt; it should be convincing.<\/p>\r\n<p><!-- \/wp:paragraph --><img  title=\"moda foto\u011fraf\u00e7\u0131s\u0131, d\u00fc\u011f\u00fcn foto\u011fraf\u00e7\u0131s\u0131, \u00fcr\u00fcn foto\u011fraf\u00e7\u0131s\u0131\" fetchpriority=\"high\" decoding=\"async\" class=\"alignnone wp-image-2887 size-large\" src=\"https:\/\/www.sezertez.com\/wp-content\/uploads\/2021\/06\/E1A2605-1024x683.jpg\"  alt=\"E1A2605-1024x683 REKLAM FOTO\u011eRAF\u00c7ILI\u011eI\"  width=\"1024\" height=\"683\" srcset=\"https:\/\/www.sezertez.com\/wp-content\/uploads\/2021\/06\/E1A2605-1024x683.jpg 1024w, https:\/\/www.sezertez.com\/wp-content\/uploads\/2021\/06\/E1A2605-300x200.jpg 300w, https:\/\/www.sezertez.com\/wp-content\/uploads\/2021\/06\/E1A2605-768x512.jpg 768w, https:\/\/www.sezertez.com\/wp-content\/uploads\/2021\/06\/E1A2605.jpg 1200w\" sizes=\"(max-width: 1024px) 100vw, 1024px\" \/><\/p>","protected":false},"excerpt":{"rendered":"<p>Reklam Foto\u011fraf\u00e7\u0131l\u0131\u011f\u0131 Reklam Foto\u011fraf\u00e7\u0131l\u0131\u011f\u0131 Markan\u0131z\u0131 Profesyonelce Tan\u0131t\u0131n Reklam Foto\u011fraf\u00e7\u0131l\u0131\u011f\u0131\u00a0Do\u011fru\u00a0ve\u00a0kaliteli\u00a0ekipmanlarla bulu\u015fan\u00a0bilgi\u00a0ve\u00a0tecr\u00fcbe\u00a0iyi bir foto\u011fraf \u00e7ekebilir ancak foto\u011fraf\u00e7\u0131n\u0131n&#8230;<\/p>","protected":false},"author":1,"featured_media":0,"parent":0,"menu_order":0,"comment_status":"closed","ping_status":"closed","template":"","meta":{"footnotes":""},"class_list":["post-2249","page","type-page","status-publish","hentry"],"yoast_head":"<!-- This site is optimized with the Yoast SEO Premium plugin v18.2.1 (Yoast SEO v27.3) - https:\/\/yoast.com\/product\/yoast-seo-premium-wordpress\/ -->\n<title>REKLAM FOTO\u011eRAF\u00c7ILI\u011eI - Sezer Tez | \u0130stanbul Profesyonel Foto\u011fraf ve Video \u00c7ekimiSezer Tez | \u0130stanbul Profesyonel Foto\u011fraf ve Video \u00c7ekimi<\/title>\n<meta name=\"description\" content=\"Reklam Foto\u011fraf\u00e7\u0131l\u0131\u011f\u0131 Do\u011fru\u00a0ve\u00a0kaliteli\u00a0ekipmanlarla bulu\u015fan\u00a0bilgi\u00a0ve\u00a0tecr\u00fcbe\u00a0iyi bir foto\u011fraf \u00e7ekebilir ancak foto\u011fraf\u00e7\u0131n\u0131n kalbi ve g\u00f6z\u00fc\" \/>\n<meta name=\"robots\" content=\"index, follow, max-snippet:-1, max-image-preview:large, max-video-preview:-1\" \/>\n<link rel=\"canonical\" href=\"https:\/\/www.sezertez.com\/en\/portfolyo__trashed\/reklam-fotografciligi\/\" \/>\n<meta property=\"og:locale\" content=\"en_US\" \/>\n<meta property=\"og:type\" content=\"article\" \/>\n<meta property=\"og:title\" content=\"REKLAM FOTO\u011eRAF\u00c7ILI\u011eI\" \/>\n<meta property=\"og:description\" content=\"Reklam Foto\u011fraf\u00e7\u0131l\u0131\u011f\u0131 Do\u011fru\u00a0ve\u00a0kaliteli\u00a0ekipmanlarla bulu\u015fan\u00a0bilgi\u00a0ve\u00a0tecr\u00fcbe\u00a0iyi bir foto\u011fraf \u00e7ekebilir ancak foto\u011fraf\u00e7\u0131n\u0131n kalbi ve g\u00f6z\u00fc\" \/>\n<meta property=\"og:url\" content=\"https:\/\/www.sezertez.com\/en\/portfolyo__trashed\/reklam-fotografciligi\/\" \/>\n<meta property=\"og:site_name\" content=\"Sezer Tez | \u0130stanbul Profesyonel Foto\u011fraf ve Video \u00c7ekimiSezer Tez | \u0130stanbul Profesyonel Foto\u011fraf ve Video \u00c7ekimi\" \/>\n<meta property=\"article:modified_time\" content=\"2024-05-28T01:04:00+00:00\" \/>\n<meta property=\"og:image\" content=\"https:\/\/www.sezertez.com\/wp-content\/uploads\/2021\/06\/E1A2605-1024x683.jpg\" \/>\n<meta name=\"twitter:card\" content=\"summary_large_image\" \/>\n<meta name=\"twitter:label1\" content=\"Est. reading time\" \/>\n\t<meta name=\"twitter:data1\" content=\"3 minutes\" \/>\n<script type=\"application\/ld+json\" class=\"yoast-schema-graph\">{\"@context\":\"https:\\\/\\\/schema.org\",\"@graph\":[{\"@type\":\"WebPage\",\"@id\":\"https:\\\/\\\/www.sezertez.com\\\/portfolyo__trashed\\\/reklam-fotografciligi\\\/\",\"url\":\"https:\\\/\\\/www.sezertez.com\\\/portfolyo__trashed\\\/reklam-fotografciligi\\\/\",\"name\":\"REKLAM FOTO\u011eRAF\u00c7ILI\u011eI - Sezer Tez | \u0130stanbul Profesyonel Foto\u011fraf ve Video \u00c7ekimiSezer Tez | \u0130stanbul Profesyonel Foto\u011fraf ve Video \u00c7ekimi\",\"isPartOf\":{\"@id\":\"https:\\\/\\\/www.sezertez.com\\\/#website\"},\"primaryImageOfPage\":{\"@id\":\"https:\\\/\\\/www.sezertez.com\\\/portfolyo__trashed\\\/reklam-fotografciligi\\\/#primaryimage\"},\"image\":{\"@id\":\"https:\\\/\\\/www.sezertez.com\\\/portfolyo__trashed\\\/reklam-fotografciligi\\\/#primaryimage\"},\"thumbnailUrl\":\"https:\\\/\\\/www.sezertez.com\\\/wp-content\\\/uploads\\\/2021\\\/06\\\/E1A2605-1024x683.jpg\",\"datePublished\":\"2020-05-26T07:35:58+00:00\",\"dateModified\":\"2024-05-28T01:04:00+00:00\",\"description\":\"Reklam Foto\u011fraf\u00e7\u0131l\u0131\u011f\u0131 Do\u011fru\u00a0ve\u00a0kaliteli\u00a0ekipmanlarla bulu\u015fan\u00a0bilgi\u00a0ve\u00a0tecr\u00fcbe\u00a0iyi bir foto\u011fraf \u00e7ekebilir ancak foto\u011fraf\u00e7\u0131n\u0131n kalbi ve g\u00f6z\u00fc\",\"breadcrumb\":{\"@id\":\"https:\\\/\\\/www.sezertez.com\\\/portfolyo__trashed\\\/reklam-fotografciligi\\\/#breadcrumb\"},\"inLanguage\":\"en-US\",\"potentialAction\":[{\"@type\":\"ReadAction\",\"target\":[\"https:\\\/\\\/www.sezertez.com\\\/portfolyo__trashed\\\/reklam-fotografciligi\\\/\"]}]},{\"@type\":\"ImageObject\",\"inLanguage\":\"en-US\",\"@id\":\"https:\\\/\\\/www.sezertez.com\\\/portfolyo__trashed\\\/reklam-fotografciligi\\\/#primaryimage\",\"url\":\"https:\\\/\\\/www.sezertez.com\\\/wp-content\\\/uploads\\\/2021\\\/06\\\/E1A2605-1024x683.jpg\",\"contentUrl\":\"https:\\\/\\\/www.sezertez.com\\\/wp-content\\\/uploads\\\/2021\\\/06\\\/E1A2605-1024x683.jpg\"},{\"@type\":\"BreadcrumbList\",\"@id\":\"https:\\\/\\\/www.sezertez.com\\\/portfolyo__trashed\\\/reklam-fotografciligi\\\/#breadcrumb\",\"itemListElement\":[{\"@type\":\"ListItem\",\"position\":1,\"name\":\"Anasayfa\",\"item\":\"https:\\\/\\\/www.sezertez.com\\\/\"},{\"@type\":\"ListItem\",\"position\":2,\"name\":\"REKLAM FOTO\u011eRAF\u00c7ILI\u011eI\"}]},{\"@type\":\"WebSite\",\"@id\":\"https:\\\/\\\/www.sezertez.com\\\/#website\",\"url\":\"https:\\\/\\\/www.sezertez.com\\\/\",\"name\":\"Sezer Tez Creative Studio\",\"description\":\"Sezer Tez Foto\u011fraf\u00e7\u0131l\u0131k ile \u00fcr\u00fcn \u00e7ekimi, d\u00fc\u011f\u00fcn foto\u011fraf\u0131, moda \u00e7ekimi, tan\u0131t\u0131m filmi ve drone hizmetleri. \u0130stanbul merkezli, 15 y\u0131l deneyim. Hemen teklif al\u0131n.\",\"publisher\":{\"@id\":\"https:\\\/\\\/www.sezertez.com\\\/#organization\"},\"alternateName\":\"Sezer Tez Medya & Prod\u00fcksiyon\",\"potentialAction\":[{\"@type\":\"SearchAction\",\"target\":{\"@type\":\"EntryPoint\",\"urlTemplate\":\"https:\\\/\\\/www.sezertez.com\\\/?s={search_term_string}\"},\"query-input\":{\"@type\":\"PropertyValueSpecification\",\"valueRequired\":true,\"valueName\":\"search_term_string\"}}],\"inLanguage\":\"en-US\"},{\"@type\":\"Organization\",\"@id\":\"https:\\\/\\\/www.sezertez.com\\\/#organization\",\"name\":\"Sezer Tez Creative Studio\",\"alternateName\":\"Sezer Tez Medya & Prod\u00fcksiyon\",\"url\":\"https:\\\/\\\/www.sezertez.com\\\/\",\"logo\":{\"@type\":\"ImageObject\",\"inLanguage\":\"en-US\",\"@id\":\"https:\\\/\\\/www.sezertez.com\\\/#\\\/schema\\\/logo\\\/image\\\/\",\"url\":\"https:\\\/\\\/www.sezertez.com\\\/wp-content\\\/uploads\\\/2026\\\/03\\\/logo.jpeg\",\"contentUrl\":\"https:\\\/\\\/www.sezertez.com\\\/wp-content\\\/uploads\\\/2026\\\/03\\\/logo.jpeg\",\"width\":832,\"height\":476,\"caption\":\"Sezer Tez Creative Studio\"},\"image\":{\"@id\":\"https:\\\/\\\/www.sezertez.com\\\/#\\\/schema\\\/logo\\\/image\\\/\"}}]}<\/script>\n<!-- \/ Yoast SEO Premium plugin. -->","yoast_head_json":{"title":"REKLAM FOTO\u011eRAF\u00c7ILI\u011eI - Sezer Tez | \u0130stanbul Profesyonel Foto\u011fraf ve Video \u00c7ekimiSezer Tez | \u0130stanbul Profesyonel Foto\u011fraf ve Video \u00c7ekimi","description":"Reklam Foto\u011fraf\u00e7\u0131l\u0131\u011f\u0131 Do\u011fru\u00a0ve\u00a0kaliteli\u00a0ekipmanlarla bulu\u015fan\u00a0bilgi\u00a0ve\u00a0tecr\u00fcbe\u00a0iyi bir foto\u011fraf \u00e7ekebilir ancak foto\u011fraf\u00e7\u0131n\u0131n kalbi ve g\u00f6z\u00fc","robots":{"index":"index","follow":"follow","max-snippet":"max-snippet:-1","max-image-preview":"max-image-preview:large","max-video-preview":"max-video-preview:-1"},"canonical":"https:\/\/www.sezertez.com\/en\/portfolyo__trashed\/reklam-fotografciligi\/","og_locale":"en_US","og_type":"article","og_title":"REKLAM FOTO\u011eRAF\u00c7ILI\u011eI","og_description":"Reklam Foto\u011fraf\u00e7\u0131l\u0131\u011f\u0131 Do\u011fru\u00a0ve\u00a0kaliteli\u00a0ekipmanlarla bulu\u015fan\u00a0bilgi\u00a0ve\u00a0tecr\u00fcbe\u00a0iyi bir foto\u011fraf \u00e7ekebilir ancak foto\u011fraf\u00e7\u0131n\u0131n kalbi ve g\u00f6z\u00fc","og_url":"https:\/\/www.sezertez.com\/en\/portfolyo__trashed\/reklam-fotografciligi\/","og_site_name":"Sezer Tez | \u0130stanbul Profesyonel Foto\u011fraf ve Video \u00c7ekimiSezer Tez | \u0130stanbul Profesyonel Foto\u011fraf ve Video \u00c7ekimi","article_modified_time":"2024-05-28T01:04:00+00:00","og_image":[{"url":"https:\/\/www.sezertez.com\/wp-content\/uploads\/2021\/06\/E1A2605-1024x683.jpg","type":"","width":"","height":""}],"twitter_card":"summary_large_image","twitter_misc":{"Est. reading time":"3 minutes"},"schema":{"@context":"https:\/\/schema.org","@graph":[{"@type":"WebPage","@id":"https:\/\/www.sezertez.com\/portfolyo__trashed\/reklam-fotografciligi\/","url":"https:\/\/www.sezertez.com\/portfolyo__trashed\/reklam-fotografciligi\/","name":"REKLAM FOTO\u011eRAF\u00c7ILI\u011eI - Sezer Tez | \u0130stanbul Profesyonel Foto\u011fraf ve Video \u00c7ekimiSezer Tez | \u0130stanbul Profesyonel Foto\u011fraf ve Video \u00c7ekimi","isPartOf":{"@id":"https:\/\/www.sezertez.com\/#website"},"primaryImageOfPage":{"@id":"https:\/\/www.sezertez.com\/portfolyo__trashed\/reklam-fotografciligi\/#primaryimage"},"image":{"@id":"https:\/\/www.sezertez.com\/portfolyo__trashed\/reklam-fotografciligi\/#primaryimage"},"thumbnailUrl":"https:\/\/www.sezertez.com\/wp-content\/uploads\/2021\/06\/E1A2605-1024x683.jpg","datePublished":"2020-05-26T07:35:58+00:00","dateModified":"2024-05-28T01:04:00+00:00","description":"Reklam Foto\u011fraf\u00e7\u0131l\u0131\u011f\u0131 Do\u011fru\u00a0ve\u00a0kaliteli\u00a0ekipmanlarla bulu\u015fan\u00a0bilgi\u00a0ve\u00a0tecr\u00fcbe\u00a0iyi bir foto\u011fraf \u00e7ekebilir ancak foto\u011fraf\u00e7\u0131n\u0131n kalbi ve g\u00f6z\u00fc","breadcrumb":{"@id":"https:\/\/www.sezertez.com\/portfolyo__trashed\/reklam-fotografciligi\/#breadcrumb"},"inLanguage":"en-US","potentialAction":[{"@type":"ReadAction","target":["https:\/\/www.sezertez.com\/portfolyo__trashed\/reklam-fotografciligi\/"]}]},{"@type":"ImageObject","inLanguage":"en-US","@id":"https:\/\/www.sezertez.com\/portfolyo__trashed\/reklam-fotografciligi\/#primaryimage","url":"https:\/\/www.sezertez.com\/wp-content\/uploads\/2021\/06\/E1A2605-1024x683.jpg","contentUrl":"https:\/\/www.sezertez.com\/wp-content\/uploads\/2021\/06\/E1A2605-1024x683.jpg"},{"@type":"BreadcrumbList","@id":"https:\/\/www.sezertez.com\/portfolyo__trashed\/reklam-fotografciligi\/#breadcrumb","itemListElement":[{"@type":"ListItem","position":1,"name":"Anasayfa","item":"https:\/\/www.sezertez.com\/"},{"@type":"ListItem","position":2,"name":"REKLAM FOTO\u011eRAF\u00c7ILI\u011eI"}]},{"@type":"WebSite","@id":"https:\/\/www.sezertez.com\/#website","url":"https:\/\/www.sezertez.com\/","name":"Sezer Tez Creative Studio","description":"Sezer Tez Foto\u011fraf\u00e7\u0131l\u0131k ile \u00fcr\u00fcn \u00e7ekimi, d\u00fc\u011f\u00fcn foto\u011fraf\u0131, moda \u00e7ekimi, tan\u0131t\u0131m filmi ve drone hizmetleri. \u0130stanbul merkezli, 15 y\u0131l deneyim. Hemen teklif al\u0131n.","publisher":{"@id":"https:\/\/www.sezertez.com\/#organization"},"alternateName":"Sezer Tez Medya & Prod\u00fcksiyon","potentialAction":[{"@type":"SearchAction","target":{"@type":"EntryPoint","urlTemplate":"https:\/\/www.sezertez.com\/?s={search_term_string}"},"query-input":{"@type":"PropertyValueSpecification","valueRequired":true,"valueName":"search_term_string"}}],"inLanguage":"en-US"},{"@type":"Organization","@id":"https:\/\/www.sezertez.com\/#organization","name":"Sezer Tez Creative Studio","alternateName":"Sezer Tez Medya & Prod\u00fcksiyon","url":"https:\/\/www.sezertez.com\/","logo":{"@type":"ImageObject","inLanguage":"en-US","@id":"https:\/\/www.sezertez.com\/#\/schema\/logo\/image\/","url":"https:\/\/www.sezertez.com\/wp-content\/uploads\/2026\/03\/logo.jpeg","contentUrl":"https:\/\/www.sezertez.com\/wp-content\/uploads\/2026\/03\/logo.jpeg","width":832,"height":476,"caption":"Sezer Tez Creative Studio"},"image":{"@id":"https:\/\/www.sezertez.com\/#\/schema\/logo\/image\/"}}]}},"_links":{"self":[{"href":"https:\/\/www.sezertez.com\/en\/wp-json\/wp\/v2\/pages\/2249","targetHints":{"allow":["GET"]}}],"collection":[{"href":"https:\/\/www.sezertez.com\/en\/wp-json\/wp\/v2\/pages"}],"about":[{"href":"https:\/\/www.sezertez.com\/en\/wp-json\/wp\/v2\/types\/page"}],"author":[{"embeddable":true,"href":"https:\/\/www.sezertez.com\/en\/wp-json\/wp\/v2\/users\/1"}],"replies":[{"embeddable":true,"href":"https:\/\/www.sezertez.com\/en\/wp-json\/wp\/v2\/comments?post=2249"}],"version-history":[{"count":0,"href":"https:\/\/www.sezertez.com\/en\/wp-json\/wp\/v2\/pages\/2249\/revisions"}],"wp:attachment":[{"href":"https:\/\/www.sezertez.com\/en\/wp-json\/wp\/v2\/media?parent=2249"}],"curies":[{"name":"wp","href":"https:\/\/api.w.org\/{rel}","templated":true}]}}