{"id":165,"date":"2015-10-30T11:30:13","date_gmt":"2015-10-30T11:30:13","guid":{"rendered":"http:\/\/tommustester.wpengine.com\/?page_id=165"},"modified":"2025-09-22T20:27:29","modified_gmt":"2025-09-22T20:27:29","slug":"iletisim","status":"publish","type":"page","link":"https:\/\/www.sezertez.com\/en\/iletisim\/","title":{"rendered":"Contact"},"content":{"rendered":"<div data-full-width=\"yes\" class=\"vc_row wpb_row vc_row-fluid light-wrapper\"><div class=\"row\"><div class=\"wpb_column vc_column_container col-md-12\"><div class=\"vc_column-inner\"><div class=\"wpb_wrapper\"><div class=\"wpb_gmaps_widget wpb_content_element\"><div class=\"wpb_wrapper\"><div class=\"wpb_map_wraper\"><iframe src=\"https:\/\/www.google.com\/maps\/embed?pb=!1m18!1m12!1m3!1d3011.6195088409468!2d29.041635476449386!3d40.98981182056101!2m3!1f0!2f0!3f0!3m2!1i1024!2i768!4f13.1!3m3!1m2!1s0x14cab57c391ae553%3A0xbc1c72281c8c92ef!2zU2V6ZXIgVGV6IETDvMSfw7xuIE1vZGEgdmUgw5xyw7xuIGZvdG_En3JhZsOnxLFzxLE!5e0!3m2!1str!2str!4v1716858645274!5m2!1str!2str\" width=\"600\" height=\"450\" style=\"border:0;\" allowfullscreen=\"\" loading=\"lazy\" referrerpolicy=\"no-referrer-when-downgrade\"><\/iframe><\/div><\/div><\/div><\/div><\/div><\/div><\/div><\/div><div class=\"vc_row wpb_row vc_row-fluid light-wrapper\"><div class=\"container\"><div class=\"row\"><div class=\"wpb_column vc_column_container col-md-8\"><div class=\"vc_column-inner\"><div class=\"wpb_wrapper\">\n\t<div class=\"wpb_text_column wpb_content_element\" >\n\t\t<div class=\"wpb_wrapper\">\n\t\t\t<h2 class=\"section-title\"><a href=\"https:\/\/api.whatsapp.com\/send\/?phone=905343243817&amp;text=Merhaba+Sezer+Tez+Foto%C4%9Fraf+ve+Video+Hizmetleri&amp;type=phone_number&amp;app_absent=0\">Contact Us<\/a><\/h2>\n\n\t\t<\/div>\n\t<\/div>\n<\/div><\/div><\/div><div class=\"wpb_column vc_column_container col-md-4\"><div class=\"vc_column-inner\"><div class=\"wpb_wrapper\">\n\t<div class=\"wpb_text_column wpb_content_element\" >\n\t\t<div class=\"wpb_wrapper\">\n\t\t\t<h3 class=\"widget-title\">ADDRESS AND CONTACT<\/h3>\n<address><strong>Sezer Tez Photography<\/strong><br \/>\nBurhaniye, Ka\u011f\u0131tc\u0131ba\u015f\u0131 Sk. No : 70,<br \/>\n34676 \u00dcsk\u00fcdar\/\u0130stanbul<br \/>\n<abbr title=\"Phone\">P:<\/abbr> +90 534 324 38 17<br \/>\n<abbr title=\"Email\">E:<\/abbr>\u00a0<a href=\"mailto:info@sezertez.com\">info@sezertez.com<\/a><\/address>\n\n\t\t<\/div>\n\t<\/div>\n<\/div><\/div><\/div><\/div><\/div><\/div>","protected":false},"excerpt":{"rendered":"\u0130leti\u015fime Ge\u00e7in ADRES VE \u0130LET\u0130\u015e\u0130M Sezer Tez Foto\u011fraf\u00e7\u0131l\u0131k Burhaniye, Ka\u011f\u0131tc\u0131ba\u015f\u0131 Sk. No : 70, 34676...","protected":false},"author":1,"featured_media":0,"parent":0,"menu_order":0,"comment_status":"closed","ping_status":"closed","template":"","meta":{"footnotes":""},"class_list":["post-165","page","type-page","status-publish","hentry"],"yoast_head":"<!-- This site is optimized with the Yoast SEO Premium plugin v18.2.1 (Yoast SEO v27.3) - https:\/\/yoast.com\/product\/yoast-seo-premium-wordpress\/ -->\n<title>\u0130leti\u015fim - Sezer Tez | \u0130stanbul Profesyonel Foto\u011fraf ve Video \u00c7ekimiSezer Tez | \u0130stanbul Profesyonel Foto\u011fraf ve Video \u00c7ekimi<\/title>\n<meta name=\"description\" content=\"\u0130leti\u015fim Bizimle ileti\u015fime ge\u00e7mek ve hizmetlerimiz hakk\u0131nda daha fazla bilgi almak i\u00e7in web sitemizde yer alan ileti\u015fim formunu kullanabilir\" \/>\n<meta name=\"robots\" content=\"index, follow, max-snippet:-1, max-image-preview:large, max-video-preview:-1\" \/>\n<link rel=\"canonical\" href=\"https:\/\/www.sezertez.com\/en\/iletisim\/\" \/>\n<meta property=\"og:locale\" content=\"en_US\" \/>\n<meta property=\"og:type\" content=\"article\" \/>\n<meta property=\"og:title\" content=\"\u0130leti\u015fim\" \/>\n<meta property=\"og:description\" content=\"\u0130leti\u015fim Bizimle ileti\u015fime ge\u00e7mek ve hizmetlerimiz hakk\u0131nda daha fazla bilgi almak i\u00e7in web sitemizde yer alan ileti\u015fim formunu kullanabilir\" \/>\n<meta property=\"og:url\" content=\"https:\/\/www.sezertez.com\/en\/iletisim\/\" \/>\n<meta property=\"og:site_name\" content=\"Sezer Tez | \u0130stanbul Profesyonel Foto\u011fraf ve Video \u00c7ekimiSezer Tez | \u0130stanbul Profesyonel Foto\u011fraf ve Video \u00c7ekimi\" \/>\n<meta property=\"article:modified_time\" content=\"2025-09-22T20:27:29+00:00\" \/>\n<meta property=\"og:image\" content=\"https:\/\/www.sezertez.com\/wp-content\/uploads\/2026\/03\/logo.jpeg\" \/>\n\t<meta property=\"og:image:width\" content=\"832\" \/>\n\t<meta property=\"og:image:height\" content=\"476\" \/>\n\t<meta property=\"og:image:type\" content=\"image\/jpeg\" \/>\n<meta name=\"twitter:card\" content=\"summary_large_image\" \/>\n<meta name=\"twitter:label1\" content=\"Est. reading time\" \/>\n\t<meta name=\"twitter:data1\" content=\"1 minute\" \/>\n<script type=\"application\/ld+json\" class=\"yoast-schema-graph\">{\"@context\":\"https:\\\/\\\/schema.org\",\"@graph\":[{\"@type\":\"WebPage\",\"@id\":\"https:\\\/\\\/www.sezertez.com\\\/iletisim\\\/\",\"url\":\"https:\\\/\\\/www.sezertez.com\\\/iletisim\\\/\",\"name\":\"\u0130leti\u015fim - Sezer Tez | \u0130stanbul Profesyonel Foto\u011fraf ve Video \u00c7ekimiSezer Tez | \u0130stanbul Profesyonel Foto\u011fraf ve Video \u00c7ekimi\",\"isPartOf\":{\"@id\":\"https:\\\/\\\/www.sezertez.com\\\/#website\"},\"datePublished\":\"2015-10-30T11:30:13+00:00\",\"dateModified\":\"2025-09-22T20:27:29+00:00\",\"description\":\"\u0130leti\u015fim Bizimle ileti\u015fime ge\u00e7mek ve hizmetlerimiz hakk\u0131nda daha fazla bilgi almak i\u00e7in web sitemizde yer alan ileti\u015fim formunu kullanabilir\",\"breadcrumb\":{\"@id\":\"https:\\\/\\\/www.sezertez.com\\\/iletisim\\\/#breadcrumb\"},\"inLanguage\":\"en-US\",\"potentialAction\":[{\"@type\":\"ReadAction\",\"target\":[\"https:\\\/\\\/www.sezertez.com\\\/iletisim\\\/\"]}]},{\"@type\":\"BreadcrumbList\",\"@id\":\"https:\\\/\\\/www.sezertez.com\\\/iletisim\\\/#breadcrumb\",\"itemListElement\":[{\"@type\":\"ListItem\",\"position\":1,\"name\":\"Anasayfa\",\"item\":\"https:\\\/\\\/www.sezertez.com\\\/\"},{\"@type\":\"ListItem\",\"position\":2,\"name\":\"\u0130leti\u015fim\"}]},{\"@type\":\"WebSite\",\"@id\":\"https:\\\/\\\/www.sezertez.com\\\/#website\",\"url\":\"https:\\\/\\\/www.sezertez.com\\\/\",\"name\":\"Sezer Tez Creative Studio\",\"description\":\"Sezer Tez Foto\u011fraf\u00e7\u0131l\u0131k ile \u00fcr\u00fcn \u00e7ekimi, d\u00fc\u011f\u00fcn foto\u011fraf\u0131, moda \u00e7ekimi, tan\u0131t\u0131m filmi ve drone hizmetleri. \u0130stanbul merkezli, 15 y\u0131l deneyim. Hemen teklif al\u0131n.\",\"publisher\":{\"@id\":\"https:\\\/\\\/www.sezertez.com\\\/#organization\"},\"alternateName\":\"Sezer Tez Medya & Prod\u00fcksiyon\",\"potentialAction\":[{\"@type\":\"SearchAction\",\"target\":{\"@type\":\"EntryPoint\",\"urlTemplate\":\"https:\\\/\\\/www.sezertez.com\\\/?s={search_term_string}\"},\"query-input\":{\"@type\":\"PropertyValueSpecification\",\"valueRequired\":true,\"valueName\":\"search_term_string\"}}],\"inLanguage\":\"en-US\"},{\"@type\":\"Organization\",\"@id\":\"https:\\\/\\\/www.sezertez.com\\\/#organization\",\"name\":\"Sezer Tez Creative Studio\",\"alternateName\":\"Sezer Tez Medya & Prod\u00fcksiyon\",\"url\":\"https:\\\/\\\/www.sezertez.com\\\/\",\"logo\":{\"@type\":\"ImageObject\",\"inLanguage\":\"en-US\",\"@id\":\"https:\\\/\\\/www.sezertez.com\\\/#\\\/schema\\\/logo\\\/image\\\/\",\"url\":\"https:\\\/\\\/www.sezertez.com\\\/wp-content\\\/uploads\\\/2026\\\/03\\\/logo.jpeg\",\"contentUrl\":\"https:\\\/\\\/www.sezertez.com\\\/wp-content\\\/uploads\\\/2026\\\/03\\\/logo.jpeg\",\"width\":832,\"height\":476,\"caption\":\"Sezer Tez Creative Studio\"},\"image\":{\"@id\":\"https:\\\/\\\/www.sezertez.com\\\/#\\\/schema\\\/logo\\\/image\\\/\"}}]}<\/script>\n<!-- \/ Yoast SEO Premium plugin. -->","yoast_head_json":{"title":"\u0130leti\u015fim - Sezer Tez | \u0130stanbul Profesyonel Foto\u011fraf ve Video \u00c7ekimiSezer Tez | \u0130stanbul Profesyonel Foto\u011fraf ve Video \u00c7ekimi","description":"\u0130leti\u015fim Bizimle ileti\u015fime ge\u00e7mek ve hizmetlerimiz hakk\u0131nda daha fazla bilgi almak i\u00e7in web sitemizde yer alan ileti\u015fim formunu kullanabilir","robots":{"index":"index","follow":"follow","max-snippet":"max-snippet:-1","max-image-preview":"max-image-preview:large","max-video-preview":"max-video-preview:-1"},"canonical":"https:\/\/www.sezertez.com\/en\/iletisim\/","og_locale":"en_US","og_type":"article","og_title":"\u0130leti\u015fim","og_description":"\u0130leti\u015fim Bizimle ileti\u015fime ge\u00e7mek ve hizmetlerimiz hakk\u0131nda daha fazla bilgi almak i\u00e7in web sitemizde yer alan ileti\u015fim formunu kullanabilir","og_url":"https:\/\/www.sezertez.com\/en\/iletisim\/","og_site_name":"Sezer Tez | \u0130stanbul Profesyonel Foto\u011fraf ve Video \u00c7ekimiSezer Tez | \u0130stanbul Profesyonel Foto\u011fraf ve Video \u00c7ekimi","article_modified_time":"2025-09-22T20:27:29+00:00","og_image":[{"width":832,"height":476,"url":"https:\/\/www.sezertez.com\/wp-content\/uploads\/2026\/03\/logo.jpeg","type":"image\/jpeg"}],"twitter_card":"summary_large_image","twitter_misc":{"Est. reading time":"1 minute"},"schema":{"@context":"https:\/\/schema.org","@graph":[{"@type":"WebPage","@id":"https:\/\/www.sezertez.com\/iletisim\/","url":"https:\/\/www.sezertez.com\/iletisim\/","name":"\u0130leti\u015fim - Sezer Tez | \u0130stanbul Profesyonel Foto\u011fraf ve Video \u00c7ekimiSezer Tez | \u0130stanbul Profesyonel Foto\u011fraf ve Video \u00c7ekimi","isPartOf":{"@id":"https:\/\/www.sezertez.com\/#website"},"datePublished":"2015-10-30T11:30:13+00:00","dateModified":"2025-09-22T20:27:29+00:00","description":"\u0130leti\u015fim Bizimle ileti\u015fime ge\u00e7mek ve hizmetlerimiz hakk\u0131nda daha fazla bilgi almak i\u00e7in web sitemizde yer alan ileti\u015fim formunu kullanabilir","breadcrumb":{"@id":"https:\/\/www.sezertez.com\/iletisim\/#breadcrumb"},"inLanguage":"en-US","potentialAction":[{"@type":"ReadAction","target":["https:\/\/www.sezertez.com\/iletisim\/"]}]},{"@type":"BreadcrumbList","@id":"https:\/\/www.sezertez.com\/iletisim\/#breadcrumb","itemListElement":[{"@type":"ListItem","position":1,"name":"Anasayfa","item":"https:\/\/www.sezertez.com\/"},{"@type":"ListItem","position":2,"name":"\u0130leti\u015fim"}]},{"@type":"WebSite","@id":"https:\/\/www.sezertez.com\/#website","url":"https:\/\/www.sezertez.com\/","name":"Sezer Tez Creative Studio","description":"Sezer Tez Foto\u011fraf\u00e7\u0131l\u0131k ile \u00fcr\u00fcn \u00e7ekimi, d\u00fc\u011f\u00fcn foto\u011fraf\u0131, moda \u00e7ekimi, tan\u0131t\u0131m filmi ve drone hizmetleri. \u0130stanbul merkezli, 15 y\u0131l deneyim. Hemen teklif al\u0131n.","publisher":{"@id":"https:\/\/www.sezertez.com\/#organization"},"alternateName":"Sezer Tez Medya & Prod\u00fcksiyon","potentialAction":[{"@type":"SearchAction","target":{"@type":"EntryPoint","urlTemplate":"https:\/\/www.sezertez.com\/?s={search_term_string}"},"query-input":{"@type":"PropertyValueSpecification","valueRequired":true,"valueName":"search_term_string"}}],"inLanguage":"en-US"},{"@type":"Organization","@id":"https:\/\/www.sezertez.com\/#organization","name":"Sezer Tez Creative Studio","alternateName":"Sezer Tez Medya & Prod\u00fcksiyon","url":"https:\/\/www.sezertez.com\/","logo":{"@type":"ImageObject","inLanguage":"en-US","@id":"https:\/\/www.sezertez.com\/#\/schema\/logo\/image\/","url":"https:\/\/www.sezertez.com\/wp-content\/uploads\/2026\/03\/logo.jpeg","contentUrl":"https:\/\/www.sezertez.com\/wp-content\/uploads\/2026\/03\/logo.jpeg","width":832,"height":476,"caption":"Sezer Tez Creative Studio"},"image":{"@id":"https:\/\/www.sezertez.com\/#\/schema\/logo\/image\/"}}]}},"_links":{"self":[{"href":"https:\/\/www.sezertez.com\/en\/wp-json\/wp\/v2\/pages\/165","targetHints":{"allow":["GET"]}}],"collection":[{"href":"https:\/\/www.sezertez.com\/en\/wp-json\/wp\/v2\/pages"}],"about":[{"href":"https:\/\/www.sezertez.com\/en\/wp-json\/wp\/v2\/types\/page"}],"author":[{"embeddable":true,"href":"https:\/\/www.sezertez.com\/en\/wp-json\/wp\/v2\/users\/1"}],"replies":[{"embeddable":true,"href":"https:\/\/www.sezertez.com\/en\/wp-json\/wp\/v2\/comments?post=165"}],"version-history":[{"count":0,"href":"https:\/\/www.sezertez.com\/en\/wp-json\/wp\/v2\/pages\/165\/revisions"}],"wp:attachment":[{"href":"https:\/\/www.sezertez.com\/en\/wp-json\/wp\/v2\/media?parent=165"}],"curies":[{"name":"wp","href":"https:\/\/api.w.org\/{rel}","templated":true}]}}